{"id":9418,"date":"2026-03-10T20:34:28","date_gmt":"2026-03-10T20:34:28","guid":{"rendered":"https:\/\/wemeid.com\/shop\/okategoriserad\/meid-duokit\/"},"modified":"2026-03-10T21:10:35","modified_gmt":"2026-03-10T21:10:35","slug":"meid-duokit","status":"publish","type":"product","link":"https:\/\/wemeid.com\/sv\/shop\/bundle-boxar\/meid-duokit\/","title":{"rendered":"Meid DuoKit"},"content":{"rendered":"","protected":false},"excerpt":{"rendered":"<h2>Ett kit. En krok. Mindre kr\u00e5ngel.  <\/h2>\n<p>Sk\u00e4rmskydd (Inkl. Wet, Dry Pads, Dust Remover) Vridbar H\u00e4ngare Signature Box 900gsm Grayboard Kl\u00e4tt i texturerat papper Magnetisk \u00d6ppning MagSafe Mobilskal En ny telefon kr\u00e4ver skal och glas. Ist\u00e4llet f\u00f6r att s\u00e4ljaren ska leta fram tv\u00e5 olika f\u00f6rpackningar har vi samlat v\u00e5rt MagSafe-skal och ClearShield sk\u00e4rmskydd i en och samma enhetliga Meid DuoKit. Det sparar tid vid kassadisken, halverar utrymmet p\u00e5 butikshyllan och f\u00f6rvandlar tv\u00e5 SKU:er till en. Det \u00e4r ocks\u00e5 betydligt enklare att addera ett komplett kit p\u00e5 kvittot \u00e4n att f\u00f6rs\u00f6ka f\u00f6rhandla in tv\u00e5 separata artiklar.   <\/p>\n<p>&nbsp;<\/p>\n<hr>\n<p>&nbsp;<\/p>\n<p>Tillg\u00e4nglighet &amp; Leverans Vi h\u00e5ller de vanligaste flaggskeppsmodellerna p\u00e5 hyllan i v\u00e5rt lager i Bor\u00e5s f\u00f6r omg\u00e5ende leverans (1\u20133 dagar)<\/p>\n<ul>\n<li>Apple: iPhone 17, iPhone Air, iPhone 17 Pro, iPhone 17 Pro Max<\/li>\n<li>Samsung: Galaxy S26, Galaxy S26+, Galaxy S26 Ultra<\/li>\n<\/ul>\n<p>&nbsp;<\/p>\n<p><strong>DuoKit till en annan telefon? <\/strong><\/p>\n<p>Inga problem! Vi kan ta fram DuoKit till n\u00e4stan vilken modell som helst. De packas p\u00e5 v\u00e5r anl\u00e4ggning i Kina och landar i din butik p\u00e5 10\u201315 dagar. MOQ \u00e4r 25st \/ telefonmodell.   <\/p>\n","protected":false},"featured_media":9419,"comment_status":"closed","ping_status":"closed","template":"","meta":[],"product_brand":[76],"product_cat":[74],"product_tag":[],"class_list":{"0":"post-9418","1":"product","2":"type-product","3":"status-publish","4":"has-post-thumbnail","6":"product_brand-meid","7":"product_cat-bundle-boxar","9":"first","10":"instock","11":"taxable","12":"shipping-taxable","13":"purchasable","14":"product-type-variable","15":"has-default-attributes"},"_links":{"self":[{"href":"https:\/\/wemeid.com\/sv\/wp-json\/wp\/v2\/product\/9418","targetHints":{"allow":["GET"]}}],"collection":[{"href":"https:\/\/wemeid.com\/sv\/wp-json\/wp\/v2\/product"}],"about":[{"href":"https:\/\/wemeid.com\/sv\/wp-json\/wp\/v2\/types\/product"}],"replies":[{"embeddable":true,"href":"https:\/\/wemeid.com\/sv\/wp-json\/wp\/v2\/comments?post=9418"}],"version-history":[{"count":0,"href":"https:\/\/wemeid.com\/sv\/wp-json\/wp\/v2\/product\/9418\/revisions"}],"wp:featuredmedia":[{"embeddable":true,"href":"https:\/\/wemeid.com\/sv\/wp-json\/wp\/v2\/media\/9419"}],"wp:attachment":[{"href":"https:\/\/wemeid.com\/sv\/wp-json\/wp\/v2\/media?parent=9418"}],"wp:term":[{"taxonomy":"product_brand","embeddable":true,"href":"https:\/\/wemeid.com\/sv\/wp-json\/wp\/v2\/product_brand?post=9418"},{"taxonomy":"product_cat","embeddable":true,"href":"https:\/\/wemeid.com\/sv\/wp-json\/wp\/v2\/product_cat?post=9418"},{"taxonomy":"product_tag","embeddable":true,"href":"https:\/\/wemeid.com\/sv\/wp-json\/wp\/v2\/product_tag?post=9418"}],"curies":[{"name":"wp","href":"https:\/\/api.w.org\/{rel}","templated":true}]}}