{"id":8865,"date":"2025-11-03T16:04:05","date_gmt":"2025-11-03T16:04:05","guid":{"rendered":"https:\/\/wemeid.com\/?post_type=product&#038;p=8865"},"modified":"2026-03-10T20:22:18","modified_gmt":"2026-03-10T20:22:18","slug":"power","status":"publish","type":"product","link":"https:\/\/wemeid.com\/sv\/shop\/bundle-boxar\/power\/","title":{"rendered":"Meid Bundle Power"},"content":{"rendered":"","protected":false},"excerpt":{"rendered":"<h2>Snabbladdning och sp\u00e5rning<\/h2>\n<p>H\u00e4r kombinerar vi v\u00e5r <a href=\"https:\/\/wemeid.com\/sv\/shop\/mobil-accessoarer\/meid-stromadapter\/meid-power-adapter-25w-ultra-tunn-usb-c-usb-a-svart\/\" target=\"_blank\" rel=\"noopener\">25W Power Adapter <\/a>med v\u00e5r <a href=\"https:\/\/wemeid.com\/sv\/shop\/geotag-accessoarer\/geotag-finder-duo-android-apple\/meid-geotag-duo-for-android-and-apple-svart\/\" target=\"_blank\" rel=\"noopener\">GeoTag Duo Tracker<\/a> och GeoKey nyckelring.<br \/>\nTelefonen f\u00e5r snabb str\u00f6m fr\u00e5n v\u00e4ggen, och nycklarna s\u00e4krar en permanent plats p\u00e5 Find My \/ Find Hub-appen.<\/p>\n<p><strong>Paketering:<\/strong><\/p>\n<ul>\n<li>Meid Bundle Signature Box<br \/>\n1200 gsm kl\u00e4tt i texturerat papper med magnetisk st\u00e4ngning.<\/li>\n<\/ul>\n<p><strong>Inneh\u00e5ll:<\/strong><\/p>\n<ul>\n<li>1x GeoTag Duo<\/li>\n<li>1x 25W Wall Charger<\/li>\n<li>1x GeoKey Keyring<\/li>\n<\/ul>\n","protected":false},"featured_media":9343,"comment_status":"open","ping_status":"closed","template":"","meta":[],"product_brand":[],"product_cat":[74],"product_tag":[75],"class_list":{"0":"post-8865","1":"product","2":"type-product","3":"status-publish","4":"has-post-thumbnail","6":"product_cat-bundle-boxar","7":"product_tag-valuebox-sv","9":"first","10":"instock","11":"taxable","12":"shipping-taxable","13":"purchasable","14":"product-type-simple"},"_links":{"self":[{"href":"https:\/\/wemeid.com\/sv\/wp-json\/wp\/v2\/product\/8865","targetHints":{"allow":["GET"]}}],"collection":[{"href":"https:\/\/wemeid.com\/sv\/wp-json\/wp\/v2\/product"}],"about":[{"href":"https:\/\/wemeid.com\/sv\/wp-json\/wp\/v2\/types\/product"}],"replies":[{"embeddable":true,"href":"https:\/\/wemeid.com\/sv\/wp-json\/wp\/v2\/comments?post=8865"}],"version-history":[{"count":3,"href":"https:\/\/wemeid.com\/sv\/wp-json\/wp\/v2\/product\/8865\/revisions"}],"predecessor-version":[{"id":9393,"href":"https:\/\/wemeid.com\/sv\/wp-json\/wp\/v2\/product\/8865\/revisions\/9393"}],"wp:featuredmedia":[{"embeddable":true,"href":"https:\/\/wemeid.com\/sv\/wp-json\/wp\/v2\/media\/9343"}],"wp:attachment":[{"href":"https:\/\/wemeid.com\/sv\/wp-json\/wp\/v2\/media?parent=8865"}],"wp:term":[{"taxonomy":"product_brand","embeddable":true,"href":"https:\/\/wemeid.com\/sv\/wp-json\/wp\/v2\/product_brand?post=8865"},{"taxonomy":"product_cat","embeddable":true,"href":"https:\/\/wemeid.com\/sv\/wp-json\/wp\/v2\/product_cat?post=8865"},{"taxonomy":"product_tag","embeddable":true,"href":"https:\/\/wemeid.com\/sv\/wp-json\/wp\/v2\/product_tag?post=8865"}],"curies":[{"name":"wp","href":"https:\/\/api.w.org\/{rel}","templated":true}]}}