{"id":8818,"date":"2025-11-03T12:34:54","date_gmt":"2025-11-03T12:34:54","guid":{"rendered":"https:\/\/wemeid.com\/?post_type=product&#038;p=8818"},"modified":"2026-03-10T20:20:52","modified_gmt":"2026-03-10T20:20:52","slug":"finder","status":"publish","type":"product","link":"https:\/\/wemeid.com\/sv\/shop\/bundle-boxar\/finder\/","title":{"rendered":"Meid Bundle Finder"},"content":{"rendered":"","protected":false},"excerpt":{"rendered":"<h2>Sp\u00e5rning f\u00f6r knippa och ficka.<\/h2>\n<p>Ett rent s\u00e4kerhetskit som inneh\u00e5ller v\u00e5r runda <a href=\"https:\/\/wemeid.com\/sv\/shop\/geotag-accessoarer\/geotag-finder-duo-android-apple\/meid-geotag-duo-for-android-and-apple-svart\/\" target=\"_blank\" rel=\"noopener\">GeoTag Duo Tracker <\/a>f\u00f6r Android och Apple, en GeoKey nyckelring och v\u00e5rt kreditkortsformade <a href=\"https:\/\/wemeid.com\/sv\/shop\/geotag-accessoarer\/geocard-finder-duo\/geocard\/\" target=\"_blank\" rel=\"noopener\">GeoCard Duo. <\/a>F\u00e4st p\u00e5 nycklarna, skjut ner i pl\u00e5nboken och sluta leta.<\/p>\n<p><strong>Paketering:<\/strong><\/p>\n<ul>\n<li>Meid Bundle Signature Box<\/li>\n<\/ul>\n<p><strong>Inneh\u00e5ll:<\/strong><\/p>\n<ul>\n<li>1x GeoTag Duo For Apple Find My and Android Find Hub<\/li>\n<li>1x GeoCard Duo For Apple Find My and Android Find Hub<\/li>\n<li>1x GeoKey Nyckelring<\/li>\n<\/ul>\n","protected":false},"featured_media":9379,"comment_status":"open","ping_status":"closed","template":"","meta":[],"product_brand":[],"product_cat":[74],"product_tag":[75],"class_list":{"0":"post-8818","1":"product","2":"type-product","3":"status-publish","4":"has-post-thumbnail","6":"product_cat-bundle-boxar","7":"product_tag-valuebox-sv","9":"first","10":"instock","11":"taxable","12":"shipping-taxable","13":"purchasable","14":"product-type-simple"},"_links":{"self":[{"href":"https:\/\/wemeid.com\/sv\/wp-json\/wp\/v2\/product\/8818","targetHints":{"allow":["GET"]}}],"collection":[{"href":"https:\/\/wemeid.com\/sv\/wp-json\/wp\/v2\/product"}],"about":[{"href":"https:\/\/wemeid.com\/sv\/wp-json\/wp\/v2\/types\/product"}],"replies":[{"embeddable":true,"href":"https:\/\/wemeid.com\/sv\/wp-json\/wp\/v2\/comments?post=8818"}],"version-history":[{"count":4,"href":"https:\/\/wemeid.com\/sv\/wp-json\/wp\/v2\/product\/8818\/revisions"}],"predecessor-version":[{"id":9395,"href":"https:\/\/wemeid.com\/sv\/wp-json\/wp\/v2\/product\/8818\/revisions\/9395"}],"wp:featuredmedia":[{"embeddable":true,"href":"https:\/\/wemeid.com\/sv\/wp-json\/wp\/v2\/media\/9379"}],"wp:attachment":[{"href":"https:\/\/wemeid.com\/sv\/wp-json\/wp\/v2\/media?parent=8818"}],"wp:term":[{"taxonomy":"product_brand","embeddable":true,"href":"https:\/\/wemeid.com\/sv\/wp-json\/wp\/v2\/product_brand?post=8818"},{"taxonomy":"product_cat","embeddable":true,"href":"https:\/\/wemeid.com\/sv\/wp-json\/wp\/v2\/product_cat?post=8818"},{"taxonomy":"product_tag","embeddable":true,"href":"https:\/\/wemeid.com\/sv\/wp-json\/wp\/v2\/product_tag?post=8818"}],"curies":[{"name":"wp","href":"https:\/\/api.w.org\/{rel}","templated":true}]}}