{"id":8807,"date":"2025-11-03T12:22:39","date_gmt":"2025-11-03T12:22:39","guid":{"rendered":"https:\/\/wemeid.com\/?post_type=product&#038;p=8807"},"modified":"2026-04-07T17:00:40","modified_gmt":"2026-04-07T17:00:40","slug":"mobil","status":"publish","type":"product","link":"https:\/\/wemeid.com\/sv\/shop\/bundle-boxar\/mobil\/","title":{"rendered":"Meid Bundle Mobile"},"content":{"rendered":"","protected":false},"excerpt":{"rendered":"<h2>Allt f\u00f6r din nya telefon<\/h2>\n<p>Ett mobilskal i optiskt klart polykarbonat, ett h\u00e4rdat sk\u00e4rmskydd och en <a href=\"https:\/\/wemeid.com\/sv\/shop\/mobil-accessoarer\/meid-stromadapter\/meid-power-adapter-25w-ultra-tunn-usb-c-usb-a-svart\/\" target=\"_blank\" rel=\"noopener\">25W str\u00f6madapter,<\/a> ackompanjerat av v\u00e5r <a href=\"https:\/\/wemeid.com\/sv\/shop\/geotag-accessoarer\/geotag-finder-duo-android-apple\/meid-geotag-duo-for-android-and-apple-svart\/\" target=\"_blank\" rel=\"noopener\">GeoTag Duo Tracker<\/a> och tillh\u00f6rande GeoKey nyckelring. Mobilen f\u00f6rblir hel, batteriet laddas och dina v\u00e4rdesaker visas p\u00e5 kartan i din telefon. <\/p>\n<p><strong>Inneh\u00e5ll:<\/strong><\/p>\n<ul>\n<li>1x Meid GeoTag Duo For Apple Find My and Android Find Hub<\/li>\n<li>1x Meid GeoKey Nyckelring<\/li>\n<li>1x Meid 25W V\u00e4ggladdare<\/li>\n<li>1x Meid Mobilskal<\/li>\n<li>1x Meid Sk\u00e4rmskydd<\/li>\n<\/ul>\n<p><strong>Paketering:<\/strong><\/p>\n<ul>\n<li>1x Meid Bundle Signature Box<\/li>\n<li>1x Meid DuoKit Signature Box<\/li>\n<\/ul>\n","protected":false},"featured_media":9362,"comment_status":"open","ping_status":"closed","template":"","meta":[],"product_brand":[],"product_cat":[74],"product_tag":[75],"class_list":{"0":"post-8807","1":"product","2":"type-product","3":"status-publish","4":"has-post-thumbnail","6":"product_cat-bundle-boxar","7":"product_tag-valuebox-sv","9":"first","10":"instock","11":"taxable","12":"shipping-taxable","13":"purchasable","14":"product-type-variable"},"_links":{"self":[{"href":"https:\/\/wemeid.com\/sv\/wp-json\/wp\/v2\/product\/8807","targetHints":{"allow":["GET"]}}],"collection":[{"href":"https:\/\/wemeid.com\/sv\/wp-json\/wp\/v2\/product"}],"about":[{"href":"https:\/\/wemeid.com\/sv\/wp-json\/wp\/v2\/types\/product"}],"replies":[{"embeddable":true,"href":"https:\/\/wemeid.com\/sv\/wp-json\/wp\/v2\/comments?post=8807"}],"version-history":[{"count":3,"href":"https:\/\/wemeid.com\/sv\/wp-json\/wp\/v2\/product\/8807\/revisions"}],"predecessor-version":[{"id":9473,"href":"https:\/\/wemeid.com\/sv\/wp-json\/wp\/v2\/product\/8807\/revisions\/9473"}],"wp:featuredmedia":[{"embeddable":true,"href":"https:\/\/wemeid.com\/sv\/wp-json\/wp\/v2\/media\/9362"}],"wp:attachment":[{"href":"https:\/\/wemeid.com\/sv\/wp-json\/wp\/v2\/media?parent=8807"}],"wp:term":[{"taxonomy":"product_brand","embeddable":true,"href":"https:\/\/wemeid.com\/sv\/wp-json\/wp\/v2\/product_brand?post=8807"},{"taxonomy":"product_cat","embeddable":true,"href":"https:\/\/wemeid.com\/sv\/wp-json\/wp\/v2\/product_cat?post=8807"},{"taxonomy":"product_tag","embeddable":true,"href":"https:\/\/wemeid.com\/sv\/wp-json\/wp\/v2\/product_tag?post=8807"}],"curies":[{"name":"wp","href":"https:\/\/api.w.org\/{rel}","templated":true}]}}