{"id":7505,"date":"2025-10-02T14:33:20","date_gmt":"2025-10-02T14:33:20","guid":{"rendered":"https:\/\/wemeid.com\/shop\/okategoriserad\/meid-aura-pods-in-ears-horlurar-svart\/"},"modified":"2026-03-11T09:54:30","modified_gmt":"2026-03-11T09:54:30","slug":"meid-aura-pods-in-ears-horlurar-svart","status":"publish","type":"product","link":"https:\/\/wemeid.com\/sv\/shop\/mobil-accessoarer\/meid-audio\/in-ears-horlurar\/meid-aura-pods-in-ears-horlurar-svart\/","title":{"rendered":"Meid Aura Pods ANC\/ENC In Ear H\u00f6rlurar"},"content":{"rendered":"","protected":false},"excerpt":{"rendered":"<p><span style=\"color: #800000;\"><strong>Expected back in stock between March 10 and 25, 2026.<\/strong><\/span><\/p>\n<hr>\n<p>&nbsp;<\/p>\n<ul>\n<li>Bluetooth 6.0: Stabil anslutning, snabbare parkoppling och ljud med minimal f\u00f6rdr\u00f6jning.<\/li>\n<li>Aktiv brusreducering (ANC) -28 dB<\/li>\n<li>Milj\u00f6brusreducering (ENC) med fyra mikrofoner f\u00f6r kristallklara samtal.<\/li>\n<li>Fylligt och kraftfullt ljud med 12 mm dynamiska h\u00f6gtalare<\/li>\n<li>F\u00f6rl\u00e4ngd batteritid ger upp till 35 timmars speltid.<\/li>\n<li>Kompatibel med tr\u00e5dl\u00f6s laddning<\/li>\n<li>Hall-Switch m\u00f6jligg\u00f6r omedelbar ihopparning s\u00e5 snart fodralet \u00f6ppnas.<\/li>\n<li>Intelligent och intuitiv touchkontroll<\/li>\n<li>IPX5-klassad vattent\u00e5lighet<\/li>\n<li>\u00d6ronproppar med adaptivt memory foam<\/li>\n<\/ul>\n<p>&nbsp;<\/p>\n","protected":false},"featured_media":7501,"comment_status":"open","ping_status":"closed","template":"","meta":[],"product_brand":[76],"product_cat":[89,88],"product_tag":[],"class_list":{"0":"post-7505","1":"product","2":"type-product","3":"status-publish","4":"has-post-thumbnail","6":"product_brand-meid","7":"product_cat-in-ears-horlurar","8":"product_cat-meid-audio","10":"first","11":"outofstock","12":"taxable","13":"shipping-taxable","14":"purchasable","15":"product-type-simple"},"_links":{"self":[{"href":"https:\/\/wemeid.com\/sv\/wp-json\/wp\/v2\/product\/7505","targetHints":{"allow":["GET"]}}],"collection":[{"href":"https:\/\/wemeid.com\/sv\/wp-json\/wp\/v2\/product"}],"about":[{"href":"https:\/\/wemeid.com\/sv\/wp-json\/wp\/v2\/types\/product"}],"replies":[{"embeddable":true,"href":"https:\/\/wemeid.com\/sv\/wp-json\/wp\/v2\/comments?post=7505"}],"version-history":[{"count":1,"href":"https:\/\/wemeid.com\/sv\/wp-json\/wp\/v2\/product\/7505\/revisions"}],"predecessor-version":[{"id":9436,"href":"https:\/\/wemeid.com\/sv\/wp-json\/wp\/v2\/product\/7505\/revisions\/9436"}],"wp:featuredmedia":[{"embeddable":true,"href":"https:\/\/wemeid.com\/sv\/wp-json\/wp\/v2\/media\/7501"}],"wp:attachment":[{"href":"https:\/\/wemeid.com\/sv\/wp-json\/wp\/v2\/media?parent=7505"}],"wp:term":[{"taxonomy":"product_brand","embeddable":true,"href":"https:\/\/wemeid.com\/sv\/wp-json\/wp\/v2\/product_brand?post=7505"},{"taxonomy":"product_cat","embeddable":true,"href":"https:\/\/wemeid.com\/sv\/wp-json\/wp\/v2\/product_cat?post=7505"},{"taxonomy":"product_tag","embeddable":true,"href":"https:\/\/wemeid.com\/sv\/wp-json\/wp\/v2\/product_tag?post=7505"}],"curies":[{"name":"wp","href":"https:\/\/api.w.org\/{rel}","templated":true}]}}