{"id":7500,"date":"2025-10-02T21:05:39","date_gmt":"2025-10-02T21:05:39","guid":{"rendered":"https:\/\/wemeid.com\/shop\/okategoriserad\/meid-power-bank-ultra-thin-magsafe-5000mah\/"},"modified":"2025-10-13T15:03:34","modified_gmt":"2025-10-13T15:03:34","slug":"meid-power-bank-ultra-thin-magsafe-5000mah","status":"publish","type":"product","link":"https:\/\/wemeid.com\/sv\/shop\/mobil-accessoarer\/meid-power-bank\/meid-power-bank-ultra-thin-magsafe-5000mah\/","title":{"rendered":"Meid Power Bank Ultra Thin MagSafe 5000mAh"},"content":{"rendered":"","protected":false},"excerpt":{"rendered":"<ul>\n<li>5000 mAh-batteri \u2013 tillr\u00e4ckligt f\u00f6r att ge de flesta smartphones en full laddning.<\/li>\n<li>Ultra-tunn, endast 8,9 mm<\/li>\n<li>Kompatibel med Apple MagSafe<\/li>\n<li>Robust konstruktion i aluminium<\/li>\n<li>Tr\u00e5dl\u00f6s laddning p\u00e5 15W<\/li>\n<li>20W USB-C snabbladdning<\/li>\n<\/ul>\n<p>USB-C Ing\u00e5ng: 5V-3A 9V-2A<br \/>\nUSB-C Utg\u00e5ng: 5V-3A 9V-2.22A 12V-1.67<br \/>\nTr\u00e5dl\u00f6s Utg\u00e5ng: 5W\/7.5W\/10W\/15W<br \/>\nMultiport Utg\u00e5ng: 5V = 3A (Max)<\/p>\n<p>&nbsp;<\/p>\n","protected":false},"featured_media":7492,"comment_status":"open","ping_status":"closed","template":"","meta":[],"product_brand":[76],"product_cat":[87],"product_tag":[],"class_list":{"0":"post-7500","1":"product","2":"type-product","3":"status-publish","4":"has-post-thumbnail","6":"product_brand-meid","7":"product_cat-meid-power-bank","9":"first","10":"instock","11":"taxable","12":"shipping-taxable","13":"purchasable","14":"product-type-simple"},"_links":{"self":[{"href":"https:\/\/wemeid.com\/sv\/wp-json\/wp\/v2\/product\/7500","targetHints":{"allow":["GET"]}}],"collection":[{"href":"https:\/\/wemeid.com\/sv\/wp-json\/wp\/v2\/product"}],"about":[{"href":"https:\/\/wemeid.com\/sv\/wp-json\/wp\/v2\/types\/product"}],"replies":[{"embeddable":true,"href":"https:\/\/wemeid.com\/sv\/wp-json\/wp\/v2\/comments?post=7500"}],"version-history":[{"count":0,"href":"https:\/\/wemeid.com\/sv\/wp-json\/wp\/v2\/product\/7500\/revisions"}],"wp:featuredmedia":[{"embeddable":true,"href":"https:\/\/wemeid.com\/sv\/wp-json\/wp\/v2\/media\/7492"}],"wp:attachment":[{"href":"https:\/\/wemeid.com\/sv\/wp-json\/wp\/v2\/media?parent=7500"}],"wp:term":[{"taxonomy":"product_brand","embeddable":true,"href":"https:\/\/wemeid.com\/sv\/wp-json\/wp\/v2\/product_brand?post=7500"},{"taxonomy":"product_cat","embeddable":true,"href":"https:\/\/wemeid.com\/sv\/wp-json\/wp\/v2\/product_cat?post=7500"},{"taxonomy":"product_tag","embeddable":true,"href":"https:\/\/wemeid.com\/sv\/wp-json\/wp\/v2\/product_tag?post=7500"}],"curies":[{"name":"wp","href":"https:\/\/api.w.org\/{rel}","templated":true}]}}