{"id":7487,"date":"2025-10-03T00:51:20","date_gmt":"2025-10-03T00:51:20","guid":{"rendered":"https:\/\/wemeid.com\/shop\/okategoriserad\/meid-synk-och-ladd-kabel-1-5m-usb-c-usb-c-vit\/"},"modified":"2025-10-13T15:03:34","modified_gmt":"2025-10-13T15:03:34","slug":"meid-synk-och-ladd-kabel-1-5m-usb-c-usb-c-vit","status":"publish","type":"product","link":"https:\/\/wemeid.com\/sv\/shop\/mobil-accessoarer\/meid-synk-och-ladd-kabel\/meid-synk-och-ladd-kabel-1-5m-usb-c-usb-c-vit\/","title":{"rendered":"Meid Synk och Ladd kabel 1.5m USB C-USB C Vit"},"content":{"rendered":"","protected":false},"excerpt":{"rendered":"<ul>\n<li>Idealisk l\u00e4ngd p\u00e5 1,5 meter<\/li>\n<li>St\u00f6djer 60 W (3A) str\u00f6mf\u00f6rs\u00f6rjning f\u00f6r snabbladdning<\/li>\n<li>H\u00f6ghastighets data\u00f6verf\u00f6ring<\/li>\n<li>St\u00f6djer 4K-video vid 60 Hz.<\/li>\n<li>Trasselfritt 360\u00ba nylonfl\u00e4tad kabel<\/li>\n<li>F\u00f6rst\u00e4rkta kontakter f\u00f6r l\u00e4ngre livsl\u00e4ngd<\/li>\n<li>Testad och verifierad med \u00f6ver 10 000 sv\u00e4ngtester f\u00f6r att garantera h\u00e5llbarhet och l\u00e5ngvarig motst\u00e5ndskraft.<\/li>\n<li>Anslutningsm\u00f6jligheter: USB 3.0 typ C<\/li>\n<li>Data\u00f6verf\u00f6ring: 5 Gbps<\/li>\n<\/ul>\n<p>Levereras med en praktisk rem i PU-l\u00e4der f\u00f6r en snygg och organiserad f\u00f6rvaring.<\/p>\n","protected":false},"featured_media":7483,"comment_status":"open","ping_status":"closed","template":"","meta":[],"product_brand":[76],"product_cat":[86],"product_tag":[],"class_list":{"0":"post-7487","1":"product","2":"type-product","3":"status-publish","4":"has-post-thumbnail","6":"product_brand-meid","7":"product_cat-meid-synk-och-ladd-kabel","9":"first","10":"instock","11":"taxable","12":"shipping-taxable","13":"purchasable","14":"product-type-simple"},"_links":{"self":[{"href":"https:\/\/wemeid.com\/sv\/wp-json\/wp\/v2\/product\/7487","targetHints":{"allow":["GET"]}}],"collection":[{"href":"https:\/\/wemeid.com\/sv\/wp-json\/wp\/v2\/product"}],"about":[{"href":"https:\/\/wemeid.com\/sv\/wp-json\/wp\/v2\/types\/product"}],"replies":[{"embeddable":true,"href":"https:\/\/wemeid.com\/sv\/wp-json\/wp\/v2\/comments?post=7487"}],"version-history":[{"count":0,"href":"https:\/\/wemeid.com\/sv\/wp-json\/wp\/v2\/product\/7487\/revisions"}],"wp:featuredmedia":[{"embeddable":true,"href":"https:\/\/wemeid.com\/sv\/wp-json\/wp\/v2\/media\/7483"}],"wp:attachment":[{"href":"https:\/\/wemeid.com\/sv\/wp-json\/wp\/v2\/media?parent=7487"}],"wp:term":[{"taxonomy":"product_brand","embeddable":true,"href":"https:\/\/wemeid.com\/sv\/wp-json\/wp\/v2\/product_brand?post=7487"},{"taxonomy":"product_cat","embeddable":true,"href":"https:\/\/wemeid.com\/sv\/wp-json\/wp\/v2\/product_cat?post=7487"},{"taxonomy":"product_tag","embeddable":true,"href":"https:\/\/wemeid.com\/sv\/wp-json\/wp\/v2\/product_tag?post=7487"}],"curies":[{"name":"wp","href":"https:\/\/api.w.org\/{rel}","templated":true}]}}