{"id":7481,"date":"2025-10-03T01:25:10","date_gmt":"2025-10-03T01:25:10","guid":{"rendered":"https:\/\/wemeid.com\/shop\/okategoriserad\/meid-stromadapter-25w-ultra-tunn-usb-c-usb-a-vit\/"},"modified":"2025-10-13T15:03:33","modified_gmt":"2025-10-13T15:03:33","slug":"meid-stromadapter-25w-ultra-tunn-usb-c-usb-a-vit","status":"publish","type":"product","link":"https:\/\/wemeid.com\/sv\/shop\/mobil-accessoarer\/meid-stromadapter\/meid-stromadapter-25w-ultra-tunn-usb-c-usb-a-vit\/","title":{"rendered":"Meid Str\u00f6madapter 25W Ultra-tunn USB-C USB-A Vit"},"content":{"rendered":"","protected":false},"excerpt":{"rendered":"<ul>\n<li>25 W str\u00f6mf\u00f6rs\u00f6rjning med GaN-teknik<\/li>\n<li>Ultratunn och l\u00e4tt &#8211; Endast 17 mm tunn och 41 g l\u00e4tt.<\/li>\n<li>Snabbare laddning med l\u00e4gre energif\u00f6rbrukning<\/li>\n<li>Avancerad GaN-teknik s\u00e4kerst\u00e4ller h\u00f6g prestanda f\u00f6r p\u00e5litlig snabbladdning.<\/li>\n<li>Med b\u00e5de USB-A- och USB-C-portar f\u00e5r du fler laddningsm\u00f6jligheter.<\/li>\n<li>Designad f\u00f6r s\u00e4kerhet &#8211; Certifierad f\u00f6r tillit<br \/> Noggrant testad och certifierad av T\u00dcV S\u00dcD f\u00f6r att uppfylla EU-standarder som CE, RoHS och REACH. Varje \u00e5tg\u00e4rd har vidtagits f\u00f6r att garantera maximal s\u00e4kerhet, p\u00e5litlighet och efterlevnad, s\u00e5 att du kan k\u00e4nna dig trygg. <\/li>\n<\/ul>\n","protected":false},"featured_media":7475,"comment_status":"open","ping_status":"closed","template":"","meta":[],"product_brand":[76],"product_cat":[85],"product_tag":[],"class_list":{"0":"post-7481","1":"product","2":"type-product","3":"status-publish","4":"has-post-thumbnail","6":"product_brand-meid","7":"product_cat-meid-stromadapter","9":"first","10":"instock","11":"taxable","12":"shipping-taxable","13":"purchasable","14":"product-type-simple"},"_links":{"self":[{"href":"https:\/\/wemeid.com\/sv\/wp-json\/wp\/v2\/product\/7481","targetHints":{"allow":["GET"]}}],"collection":[{"href":"https:\/\/wemeid.com\/sv\/wp-json\/wp\/v2\/product"}],"about":[{"href":"https:\/\/wemeid.com\/sv\/wp-json\/wp\/v2\/types\/product"}],"replies":[{"embeddable":true,"href":"https:\/\/wemeid.com\/sv\/wp-json\/wp\/v2\/comments?post=7481"}],"version-history":[{"count":0,"href":"https:\/\/wemeid.com\/sv\/wp-json\/wp\/v2\/product\/7481\/revisions"}],"wp:featuredmedia":[{"embeddable":true,"href":"https:\/\/wemeid.com\/sv\/wp-json\/wp\/v2\/media\/7475"}],"wp:attachment":[{"href":"https:\/\/wemeid.com\/sv\/wp-json\/wp\/v2\/media?parent=7481"}],"wp:term":[{"taxonomy":"product_brand","embeddable":true,"href":"https:\/\/wemeid.com\/sv\/wp-json\/wp\/v2\/product_brand?post=7481"},{"taxonomy":"product_cat","embeddable":true,"href":"https:\/\/wemeid.com\/sv\/wp-json\/wp\/v2\/product_cat?post=7481"},{"taxonomy":"product_tag","embeddable":true,"href":"https:\/\/wemeid.com\/sv\/wp-json\/wp\/v2\/product_tag?post=7481"}],"curies":[{"name":"wp","href":"https:\/\/api.w.org\/{rel}","templated":true}]}}