{"id":7464,"date":"2025-10-03T03:01:55","date_gmt":"2025-10-03T03:01:55","guid":{"rendered":"https:\/\/wemeid.com\/shop\/okategoriserad\/meid-geotag-duo-for-android-and-apple-svart\/"},"modified":"2025-10-13T15:03:33","modified_gmt":"2025-10-13T15:03:33","slug":"meid-geotag-duo-for-android-and-apple-svart","status":"publish","type":"product","link":"https:\/\/wemeid.com\/sv\/shop\/geotag-accessoarer\/geotag-finder-duo-android-apple\/meid-geotag-duo-for-android-and-apple-svart\/","title":{"rendered":"Meid GeoTag Duo f\u00f6r Android och Apple Svart"},"content":{"rendered":"","protected":false},"excerpt":{"rendered":"<ul>\n<li>Fungerar med <strong>Android Find Hub<\/strong> och <strong>Apple Hitta appen<\/strong><\/li>\n<li>Med en enda knapptryckning ansluter GEOTAG DUO direkt till din Apple- eller Android-enhet<\/li>\n<li>Ett effektivt s\u00e4tt att h\u00e5lla reda p\u00e5 f\u00f6rem\u00e5l som ofta tappas bort eller f\u00f6rsvinner.<\/li>\n<li>Storlek och vikt: 32x32x8,8mm \/ 8g<\/li>\n<li>Material: PC ABS skal<\/li>\n<li>Bluetooth: Version 5.2<\/li>\n<li>H\u00f6gtalare: 70 dB utg\u00e5ng<\/li>\n<li>Batteri: CR2032 knappcellsbatteri<\/li>\n<li>Standby-tid: 8-12 m\u00e5nader<\/li>\n<\/ul>\n","protected":false},"featured_media":7466,"comment_status":"open","ping_status":"closed","template":"","meta":[],"product_brand":[76],"product_cat":[84],"product_tag":[],"class_list":{"0":"post-7464","1":"product","2":"type-product","3":"status-publish","4":"has-post-thumbnail","6":"product_brand-meid","7":"product_cat-geotag-finder-duo-android-apple","9":"first","10":"instock","11":"taxable","12":"shipping-taxable","13":"purchasable","14":"product-type-simple"},"_links":{"self":[{"href":"https:\/\/wemeid.com\/sv\/wp-json\/wp\/v2\/product\/7464","targetHints":{"allow":["GET"]}}],"collection":[{"href":"https:\/\/wemeid.com\/sv\/wp-json\/wp\/v2\/product"}],"about":[{"href":"https:\/\/wemeid.com\/sv\/wp-json\/wp\/v2\/types\/product"}],"replies":[{"embeddable":true,"href":"https:\/\/wemeid.com\/sv\/wp-json\/wp\/v2\/comments?post=7464"}],"version-history":[{"count":0,"href":"https:\/\/wemeid.com\/sv\/wp-json\/wp\/v2\/product\/7464\/revisions"}],"wp:featuredmedia":[{"embeddable":true,"href":"https:\/\/wemeid.com\/sv\/wp-json\/wp\/v2\/media\/7466"}],"wp:attachment":[{"href":"https:\/\/wemeid.com\/sv\/wp-json\/wp\/v2\/media?parent=7464"}],"wp:term":[{"taxonomy":"product_brand","embeddable":true,"href":"https:\/\/wemeid.com\/sv\/wp-json\/wp\/v2\/product_brand?post=7464"},{"taxonomy":"product_cat","embeddable":true,"href":"https:\/\/wemeid.com\/sv\/wp-json\/wp\/v2\/product_cat?post=7464"},{"taxonomy":"product_tag","embeddable":true,"href":"https:\/\/wemeid.com\/sv\/wp-json\/wp\/v2\/product_tag?post=7464"}],"curies":[{"name":"wp","href":"https:\/\/api.w.org\/{rel}","templated":true}]}}