{"id":6340,"date":"2024-07-31T09:35:39","date_gmt":"2024-07-31T09:35:39","guid":{"rendered":"https:\/\/staging.wemeid.com\/shop\/okategoriserad\/meid-geokey-hallare-oxford-blue-silver\/"},"modified":"2025-10-13T15:03:39","modified_gmt":"2025-10-13T15:03:39","slug":"meid-geokey-hallare-oxford-blue-silver","status":"publish","type":"product","link":"https:\/\/wemeid.com\/sv\/shop\/geotag-accessoarer\/geokey-keyring-nyckelring-apple-find-my\/meid-geokey-hallare-oxford-blue-silver\/","title":{"rendered":"Meid GeoKey nyckelring Oxford blue \/ Silver"},"content":{"rendered":"<h3>Skr\u00e4ddarsydd GeoTag- och AirTag-nyckelringsh\u00e5llare<\/h3>\n<p>V\u00e5r nyckelringsh\u00e5llare, som finns i en tidl\u00f6s bl\u00e5 nyans f\u00f6r GeoTag eller Apple AirTag, \u00e4r expertutformad f\u00f6r perfekt passform! \u00d6ppna bara metallknappen f\u00f6r att komma \u00e5t facket, placera din GeoTag eller AirTag inuti och du \u00e4r redo att anv\u00e4nda den. Finns i en m\u00e4ngd olika f\u00e4rger, s\u00e5 att du kan v\u00e4lja en som passar din personliga stil.  <\/p>\n<h3>Slitstarkt PU-material med l\u00e5ng livsl\u00e4ngd<\/h3>\n<p>GeoKey \u00e4r tillverkad av premium PU &#8221;New Leather&#8221;-material och har en realistisk struktur som efterliknar \u00e4kta l\u00e4der men fri fr\u00e5n djurpl\u00e5geri. PU-materialet \u00e4r f\u00f6rsett med en vattenavvisande och UV-best\u00e4ndig bel\u00e4ggning som garanterar h\u00e5llbarhet vid daglig anv\u00e4ndning.  Dessutom har den en antimikrobiell behandling f\u00f6r att h\u00e5lla bakterier och bakterier borta.<\/p>\n<h3>Gl\u00e4nsande silverpl\u00e4terad 360\u00b0 vridbar karbinhake med sn\u00e4ppl\u00e5s<\/h3>\n<p>GeoKey-h\u00e5llaren kan f\u00e4stas p\u00e5 en v\u00e4ska, b\u00e4ltes\u00f6gla eller enkelt f\u00e4stas p\u00e5 dina nycklar. Den specialgjutna karbinhaken med sp\u00e4nne roterar 360 grader, s\u00e5 att du kan f\u00e4sta den bekv\u00e4mt i alla vinklar. <\/p>\n<h3>PVD-belagda metallbeslag ger exceptionell h\u00e5llbarhet mot slitage och ett utomordentligt skydd mot korrosion.<\/h3>\n<p>Metalldealarna \u00e4r tillverkade av en zinklegering (ZL5) med h\u00f6g renhetsgrad, f\u00f6r exceptionell styrka och h\u00e5llbarhet. De \u00e4r polerade f\u00f6r att f\u00e5 en sl\u00e4t yta och ett f\u00f6rfinat utseende. F\u00f6r att ytterligare f\u00f6rb\u00e4ttra h\u00e5llbarheten och motst\u00e5ndskraften mot repor och korrosion bel\u00e4ggs beslagen med ett PVD-skikt (Physical Vapor Deposition). Dessutom s\u00e4kerst\u00e4ller en f\u00f6rbehandling med plasmareng\u00f6ring utm\u00e4rkt vidh\u00e4ftning av PVD-bel\u00e4ggningen, vilket garanterar en l\u00e5ngvarig och motst\u00e5ndskraftig finish&#8230;   <\/p>\n<h3>Kvalitetshantverk &#8211; MEID f\u00f6r dig!<\/h3>\n<p>Vi \u00e4r stolta \u00f6ver v\u00e5r hantverksm\u00e4ssiga kvalitet och v\u00e5ra detaljer \u00e4r inget undantag. GeoKey-h\u00e5llaren \u00e4r precisionssydd med tjock nylontr\u00e5d av h\u00f6g kvalitet som g\u00f6r den h\u00e5llbar f\u00f6r daglig anv\u00e4ndning och ger en visuellt tilltalande finish. Kritiska omr\u00e5den, t.ex. de som ofta uts\u00e4tts f\u00f6r t\u00f6jning, \u00e4r f\u00f6rst\u00e4rkta med trippels\u00f6mmar som ger extra styrka.<br \/>\nVi anv\u00e4nder ett speciellt lim f\u00f6r PU-material som ger en stark och l\u00e5ngvarig bindning.  Skarvarna \u00e4r f\u00e4rgmatchade f\u00f6r att s\u00f6ml\u00f6st sm\u00e4lta samman med PU-materialet, vilket ger ett sammanh\u00e4ngande och raffinerat utseende.<\/p>\n<p><strong>OBS! GeoTag\/AirTag ing\u00e5r inte. <\/strong><\/p>\n","protected":false},"excerpt":{"rendered":"<ul>\n<li>Tillverkad f\u00f6r GeoTag\/AirTag*.<\/li>\n<li>\u00d6ppna\/st\u00e4ng facket med tryckknapp i metall.<\/li>\n<li>Slitstarkt PU-material med l\u00e5ng livsl\u00e4ngd<\/li>\n<li>360 graders vridbar karbinhake med sn\u00e4ppf\u00e4ste &#8211; flera s\u00e4tt att anv\u00e4nda.<\/li>\n<li>Silverpolerade och PVD-belagda metallbeslag &#8211; utm\u00e4rkt slitstyrka och enast\u00e5ende korrosionsbest\u00e4ndighet.<\/li>\n<li>Precisionss\u00f6mnad med h\u00f6gkvalitativ nylontr\u00e5d.<\/li>\n<li>F\u00e4rgmatchade fogar som s\u00f6ml\u00f6st sm\u00e4lter samman med materialet.<\/li>\n<li>Rund platt linje delad nyckelring ing\u00e5r<\/li>\n<li><strong>*NOTE!<\/strong> GeoTag\/AirTag ing\u00e5r inte. S\u00e4ljs separat <a href=\"https:\/\/wemeid.com\/sv\/shop\/geotag-accessoarer\/geotag-finder-duo-android-apple\/meid-geotag-duo-for-android-and-apple-svart\/\" target=\"_blank\" rel=\"noopener\"><br \/>\n  <strong>h\u00e4r &gt;<\/strong><br \/>\n<\/a> <\/li>\n<\/ul>\n","protected":false},"featured_media":8516,"comment_status":"open","ping_status":"closed","template":"","meta":[],"product_brand":[],"product_cat":[55,53],"product_tag":[59,65,69,68],"class_list":{"0":"post-6340","1":"product","2":"type-product","3":"status-publish","4":"has-post-thumbnail","6":"product_cat-geokey-keyring-nyckelring-apple-find-my","7":"product_cat-geotag-accessoarer","8":"product_tag-airtag-nyckelring","9":"product_tag-geotag-nyckelring-sv","10":"product_tag-nyckelring","11":"product_tag-nyckelringar","13":"first","14":"instock","15":"taxable","16":"shipping-taxable","17":"purchasable","18":"product-type-simple"},"_links":{"self":[{"href":"https:\/\/wemeid.com\/sv\/wp-json\/wp\/v2\/product\/6340","targetHints":{"allow":["GET"]}}],"collection":[{"href":"https:\/\/wemeid.com\/sv\/wp-json\/wp\/v2\/product"}],"about":[{"href":"https:\/\/wemeid.com\/sv\/wp-json\/wp\/v2\/types\/product"}],"replies":[{"embeddable":true,"href":"https:\/\/wemeid.com\/sv\/wp-json\/wp\/v2\/comments?post=6340"}],"version-history":[{"count":0,"href":"https:\/\/wemeid.com\/sv\/wp-json\/wp\/v2\/product\/6340\/revisions"}],"wp:featuredmedia":[{"embeddable":true,"href":"https:\/\/wemeid.com\/sv\/wp-json\/wp\/v2\/media\/8516"}],"wp:attachment":[{"href":"https:\/\/wemeid.com\/sv\/wp-json\/wp\/v2\/media?parent=6340"}],"wp:term":[{"taxonomy":"product_brand","embeddable":true,"href":"https:\/\/wemeid.com\/sv\/wp-json\/wp\/v2\/product_brand?post=6340"},{"taxonomy":"product_cat","embeddable":true,"href":"https:\/\/wemeid.com\/sv\/wp-json\/wp\/v2\/product_cat?post=6340"},{"taxonomy":"product_tag","embeddable":true,"href":"https:\/\/wemeid.com\/sv\/wp-json\/wp\/v2\/product_tag?post=6340"}],"curies":[{"name":"wp","href":"https:\/\/api.w.org\/{rel}","templated":true}]}}