{"id":6337,"date":"2024-07-31T11:57:16","date_gmt":"2024-07-31T11:57:16","guid":{"rendered":"https:\/\/staging.wemeid.com\/shop\/okategoriserad\/meid-geotravel-bagagetag-jet-black-gun-metal\/"},"modified":"2025-10-13T15:03:37","modified_gmt":"2025-10-13T15:03:37","slug":"meid-geotravel-bagagetag-jet-black-gun-metal","status":"publish","type":"product","link":"https:\/\/wemeid.com\/sv\/shop\/geotag-accessoarer\/geotravel-bagage-tagg-find-my-airtag\/meid-geotravel-bagagetag-jet-black-gun-metal\/","title":{"rendered":"Meid GeoTravel Bagage-tagg | Svart \/ Gun Metal"},"content":{"rendered":"<h3>Res med sinnesfrid<\/h3>\n<p>I v\u00e5r snabba v\u00e4rld \u00e4r det viktigt att s\u00e4kra dina tillh\u00f6righeter n\u00e4r du reser. MEID GeoTravel Luggage Tag, tillsammans med MEID GeoTag, erbjuder v\u00e4rdefull kontroll f\u00f6r din reseupplevelse, s\u00e5 att du kan l\u00e4mna dina v\u00e4skor p\u00e5 hotell eller i f\u00f6rvaring med tillf\u00f6rsikt, eftersom du vet att de \u00e4r s\u00e4kra och l\u00e4tt sp\u00e5rbara.<\/p>\n<h3>Smart byggande f\u00f6r den moderna resen\u00e4ren<\/h3>\n<p>GeoTravel Luggage Tag har en smart design med en dold flik som har ett dolt fack undertill som \u00e4r kompatibelt med GeoTag\/AirTag. Detta dolda fack h\u00e5ller din sp\u00e5rningsenhet diskret skyddad, vilket g\u00f6r det m\u00f6jligt att enkelt sp\u00e5ra ditt bagage via Apples Find My Network. <\/p>\n<h3>Slitstark och snygg silverpl\u00e4terad 360\u00b0 vridbar karbinhake med sn\u00e4ppl\u00e5s<\/h3>\n<p>MEID GeoTravel karbinhake erbjuder ett bekv\u00e4mt s\u00e4tt att f\u00e4sta p\u00e5 v\u00e4skor eller resv\u00e4skor. Det unikt utformade sp\u00e4nnet roterar 360 grader, vilket g\u00f6r det enkelt att f\u00e4sta fr\u00e5n alla vinklar. Med ett robust metallsp\u00e4nne och D-ringf\u00e4ste garanterar den en s\u00e4ker passform f\u00f6r alla typer av bagage.  <\/p>\n<h3>Enkel installation<\/h3>\n<p>Lossa bara p\u00e5 h\u00e5rdvaran, v\u00e4nd p\u00e5 locket och s\u00e4tt in din GeoTag\/AirTag i den utstansade cirkeln.<\/p>\n<h3>Fack f\u00f6r kontaktkort<\/h3>\n<p>I kortfickan kan du f\u00f6rvara personlig information eller visitkort, vilket g\u00f6r det enkelt att identifiera ditt bagage om det skulle komma bort.<\/p>\n<h3>Slitstarkt och l\u00e5nglivat PU-material<\/h3>\n<p>MEID GeoTravel \u00e4r tillverkad av h\u00f6gkvalitativt PU &#8221;New Leather&#8221;-material och har en realistisk narvstruktur som liknar \u00e4kta l\u00e4der samtidigt som den \u00e4r fri fr\u00e5n djurpl\u00e5geri. Den vattenavvisande och UV-best\u00e4ndiga bel\u00e4ggningen garanterar h\u00e5llbarhet vid daglig anv\u00e4ndning, och den antimikrobiella behandlingen h\u00e5ller bakterier och bakterier borta. <\/p>\n<h3>PVD-belagda metalldetaljer f\u00f6r l\u00e5ng livsl\u00e4ngd<\/h3>\n<p>De slitstarka metallbeslagen, tillverkade av en zinklegering med h\u00f6g renhet (ZL5), ger exceptionell styrka och korrosionsbest\u00e4ndighet. Beslagen \u00e4r polerade f\u00f6r en sl\u00e4t yta och har en PVD-bel\u00e4ggning (Physical Vapor Deposition) som f\u00f6rb\u00e4ttrar rept\u00e5ligheten och h\u00e5llbarheten. En f\u00f6rbehandling med plasmareng\u00f6ring s\u00e4kerst\u00e4ller utm\u00e4rkt vidh\u00e4ftning av PVD-skiktet, vilket ger en l\u00e5ngvarig finish.  <\/p>\n<h3>Kvalitetshantverk &#8211; MEID f\u00f6r den smarta resen\u00e4ren<\/h3>\n<p>Vi \u00e4r stolta \u00f6ver v\u00e5rt exceptionella hantverk. MEID GeoTravel \u00e4r precisionssydd med tjock nylontr\u00e5d av h\u00f6g kvalitet f\u00f6r l\u00e5ng h\u00e5llbarhet och en attraktiv finish. Kritiska omr\u00e5den \u00e4r f\u00f6rst\u00e4rkta med tredubbla s\u00f6mmar f\u00f6r extra styrka. V\u00e5rt speciallim ger en stark bindning f\u00f6r PU-material, med f\u00e4rgmatchade fogar som skapar ett sammanh\u00e4ngande och raffinerat utseende.<br \/>\nMed MEID GeoTravel Bagagetagg kan du tryggt l\u00e4mna dina v\u00e4skor p\u00e5 hotell eller i f\u00f6rvaring, i vetskap om att de \u00e4r s\u00e4kra och sp\u00e5rbara.   <\/p>\n<p><strong>OBS! GeoTag\/AirTag ing\u00e5r inte. <\/strong><\/p>\n","protected":false},"excerpt":{"rendered":"<ul>\n<li class=\"text-body font-regular leading-[24px] my-[5px] [&amp;&gt;ol]:!pt-0 [&amp;&gt;ol]:!pb-0 [&amp;&gt;ul]:!pt-0 [&amp;&gt;ul]:!pb-0\" value=\"1\">S\u00e4rskilt utformad f\u00f6r kompatibilitet med MEID GeoTag\/Apple AirTag*.<\/li>\n<li class=\"text-body font-regular leading-[24px] my-[5px] [&amp;&gt;ol]:!pt-0 [&amp;&gt;ol]:!pb-0 [&amp;&gt;ul]:!pt-0 [&amp;&gt;ul]:!pb-0\" value=\"2\">Har en robust karbinhake med 360-graders vridbart sp\u00e4nne f\u00f6r s\u00e4ker fasts\u00e4ttning.<\/li>\n<li class=\"text-body font-regular leading-[24px] my-[5px] [&amp;&gt;ol]:!pt-0 [&amp;&gt;ol]:!pb-0 [&amp;&gt;ul]:!pt-0 [&amp;&gt;ul]:!pb-0\" value=\"3\">Utrustad med rem och metallsp\u00e4nne\/ring f\u00f6r s\u00e4ker fasts\u00e4ttning.<\/li>\n<li class=\"text-body font-regular leading-[24px] my-[5px] [&amp;&gt;ol]:!pt-0 [&amp;&gt;ol]:!pb-0 [&amp;&gt;ul]:!pt-0 [&amp;&gt;ul]:!pb-0\" value=\"4\">Inneh\u00e5ller ett dolt fack f\u00f6r MEID GeoTag\/Apple AirTag.<\/li>\n<li class=\"text-body font-regular leading-[24px] my-[5px] [&amp;&gt;ol]:!pt-0 [&amp;&gt;ol]:!pb-0 [&amp;&gt;ul]:!pt-0 [&amp;&gt;ul]:!pb-0\" value=\"5\">Enkel installation med en innovativ design med dold klaff. Lossa p\u00e5 h\u00e5rdvaran, v\u00e4nd p\u00e5 locket och s\u00e4tt in din GeoTag\/AirTag i det dolda facket. <\/li>\n<li class=\"text-body font-regular leading-[24px] my-[5px] [&amp;&gt;ol]:!pt-0 [&amp;&gt;ol]:!pb-0 [&amp;&gt;ul]:!pt-0 [&amp;&gt;ul]:!pb-0\" value=\"6\">Praktisk kortplats f\u00f6r ett personligt informationskort (kontaktkort ing\u00e5r).<\/li>\n<li class=\"text-body font-regular leading-[24px] my-[5px] [&amp;&gt;ol]:!pt-0 [&amp;&gt;ol]:!pb-0 [&amp;&gt;ul]:!pt-0 [&amp;&gt;ul]:!pb-0\" value=\"7\">Tillverkad av h\u00f6gkvalitativt, slitstarkt PU-material med f\u00f6rst\u00e4rkta s\u00f6mmar f\u00f6r l\u00e5ng livsl\u00e4ngd.<\/li>\n<li class=\"text-body font-regular leading-[24px] my-[5px] [&amp;&gt;ol]:!pt-0 [&amp;&gt;ol]:!pb-0 [&amp;&gt;ul]:!pt-0 [&amp;&gt;ul]:!pb-0\" value=\"8\">Kraftiga precisionss\u00f6mmar med h\u00f6gkvalitativ nylontr\u00e5d garanterar h\u00e5llbarheten.<\/li>\n<li class=\"text-body font-regular leading-[24px] my-[5px] [&amp;&gt;ol]:!pt-0 [&amp;&gt;ol]:!pb-0 [&amp;&gt;ul]:!pt-0 [&amp;&gt;ul]:!pb-0\" value=\"9\">Flat grain-finish ger en sl\u00e4t struktur med en subtil \u00e5dring.<\/li>\n<li class=\"text-body font-regular leading-[24px] my-[5px] [&amp;&gt;ol]:!pt-0 [&amp;&gt;ol]:!pb-0 [&amp;&gt;ul]:!pt-0 [&amp;&gt;ul]:!pb-0\" value=\"10\">Silverpolerade och PVD-belagda metallbeslag ger utm\u00e4rkt slitstyrka och korrosionsbest\u00e4ndighet.<\/li>\n<li class=\"text-body font-regular leading-[24px] my-[5px] [&amp;&gt;ol]:!pt-0 [&amp;&gt;ol]:!pb-0 [&amp;&gt;ul]:!pt-0 [&amp;&gt;ul]:!pb-0\" value=\"11\">Remmens l\u00e4ngd p\u00e5 130 mm passar n\u00e4stan alla v\u00e4skor och resv\u00e4skor.<\/li>\n<li class=\"text-body font-regular leading-[24px] my-[5px] [&amp;&gt;ol]:!pt-0 [&amp;&gt;ol]:!pb-0 [&amp;&gt;ul]:!pt-0 [&amp;&gt;ul]:!pb-0\" value=\"12\">F\u00e4rgmatchade fogar sm\u00e4lter s\u00f6ml\u00f6st samman med materialet f\u00f6r ett sammanh\u00e4ngande utseende.<\/li>\n<li class=\"text-body font-regular leading-[24px] my-[5px] [&amp;&gt;ol]:!pt-0 [&amp;&gt;ol]:!pb-0 [&amp;&gt;ul]:!pt-0 [&amp;&gt;ul]:!pb-0\" value=\"13\">Uppfyller EU:s standarder och \u00e4r CE- och REACH-certifierad.<\/li>\n<li><strong>*NOTE!<\/strong>  GeoTag\/AirTag ing\u00e5r ej. S\u00e4ljs separat h\u00e4r   &gt;<\/li>\n<\/ul>\n","protected":false},"featured_media":8733,"comment_status":"open","ping_status":"closed","template":"","meta":[],"product_brand":[],"product_cat":[56,53],"product_tag":[70,66,67],"class_list":{"0":"post-6337","1":"product","2":"type-product","3":"status-publish","4":"has-post-thumbnail","6":"product_cat-geotravel-bagage-tagg-find-my-airtag","7":"product_cat-geotag-accessoarer","8":"product_tag-bagage-tagg-sv","9":"product_tag-geotravel-sv","10":"product_tag-geotravel-bagage-tag","12":"first","13":"instock","14":"taxable","15":"shipping-taxable","16":"purchasable","17":"product-type-simple"},"_links":{"self":[{"href":"https:\/\/wemeid.com\/sv\/wp-json\/wp\/v2\/product\/6337","targetHints":{"allow":["GET"]}}],"collection":[{"href":"https:\/\/wemeid.com\/sv\/wp-json\/wp\/v2\/product"}],"about":[{"href":"https:\/\/wemeid.com\/sv\/wp-json\/wp\/v2\/types\/product"}],"replies":[{"embeddable":true,"href":"https:\/\/wemeid.com\/sv\/wp-json\/wp\/v2\/comments?post=6337"}],"version-history":[{"count":0,"href":"https:\/\/wemeid.com\/sv\/wp-json\/wp\/v2\/product\/6337\/revisions"}],"wp:featuredmedia":[{"embeddable":true,"href":"https:\/\/wemeid.com\/sv\/wp-json\/wp\/v2\/media\/8733"}],"wp:attachment":[{"href":"https:\/\/wemeid.com\/sv\/wp-json\/wp\/v2\/media?parent=6337"}],"wp:term":[{"taxonomy":"product_brand","embeddable":true,"href":"https:\/\/wemeid.com\/sv\/wp-json\/wp\/v2\/product_brand?post=6337"},{"taxonomy":"product_cat","embeddable":true,"href":"https:\/\/wemeid.com\/sv\/wp-json\/wp\/v2\/product_cat?post=6337"},{"taxonomy":"product_tag","embeddable":true,"href":"https:\/\/wemeid.com\/sv\/wp-json\/wp\/v2\/product_tag?post=6337"}],"curies":[{"name":"wp","href":"https:\/\/api.w.org\/{rel}","templated":true}]}}