{"id":7867,"date":"2025-10-06T20:55:59","date_gmt":"2025-10-06T20:55:59","guid":{"rendered":"https:\/\/wemeid.com\/meid-b2b-login\/"},"modified":"2025-11-04T15:54:13","modified_gmt":"2025-11-04T15:54:13","slug":"b2b-login","status":"publish","type":"page","link":"https:\/\/wemeid.com\/sv\/b2b-login\/","title":{"rendered":"B2B-inloggning Meid"},"content":{"rendered":"\t\t<div data-elementor-type=\"wp-page\" data-elementor-id=\"7867\" class=\"elementor elementor-7867 elementor-7854\" data-elementor-post-type=\"page\">\n\t\t\t\t<div class=\"elementor-element elementor-element-1b91b08 e-con-full e-flex e-con e-parent\" data-id=\"1b91b08\" data-element_type=\"container\" data-e-type=\"container\" data-settings=\"{&quot;background_background&quot;:&quot;classic&quot;}\">\n\t\t<div class=\"elementor-element elementor-element-5b2b600 e-con-full e-flex e-con e-child\" data-id=\"5b2b600\" data-element_type=\"container\" data-e-type=\"container\">\n\t\t\t\t<div class=\"elementor-element elementor-element-02fd3c8 elementor-view-default elementor-widget elementor-widget-icon\" data-id=\"02fd3c8\" data-element_type=\"widget\" data-e-type=\"widget\" data-widget_type=\"icon.default\">\n\t\t\t\t\t\t\t<div class=\"elementor-icon-wrapper\">\n\t\t\t<a class=\"elementor-icon\" href=\"https:\/\/wemeid.com\/sv\/\">\n\t\t\t<svg xmlns=\"http:\/\/www.w3.org\/2000\/svg\" id=\"Layer_2\" viewBox=\"0 0 61.89 22.16\"><g id=\"Layer_1-2\" data-name=\"Layer_1\"><g><path d=\"M0,21.41L2.36,0l8.97,19.15L20.3,0l2.36,21.41h-1.37l-1.83-16.63s-8.1,17.38-8.13,17.38L3.2,4.78l-1.83,16.63H0Z\"><\/path><path d=\"M37.18,1.96h-8.57v8.49h8.38v1.24h-8.38v8.49h8.57v1.24h-9.93V.71h9.93v1.24Z\"><\/path><path d=\"M42.09.71v20.7h-1.37V.71h1.37Z\"><\/path><path d=\"M47.18,21.41V.71h4.1c1.83,0,5.03.28,7.63,2.89,2.2,2.2,2.98,5.21,2.98,7.48s-.78,5.24-2.98,7.45c-2.61,2.61-5.8,2.89-7.63,2.89h-4.1ZM48.55,20.17h2.7c5.46,0,9.22-3.72,9.22-9.09s-3.79-9.12-9.22-9.12h-2.7v18.22Z\"><\/path><\/g><\/g><\/svg>\t\t\t<\/a>\n\t\t<\/div>\n\t\t\t\t\t\t<\/div>\n\t\t\t\t<\/div>\n\t\t<div class=\"elementor-element elementor-element-70bfda5 e-con-full e-flex e-con e-child\" data-id=\"70bfda5\" data-element_type=\"container\" data-e-type=\"container\">\n\t\t\t\t<div class=\"elementor-element elementor-element-7f1cb81 elementor-widget elementor-widget-heading\" data-id=\"7f1cb81\" data-element_type=\"widget\" data-e-type=\"widget\" data-widget_type=\"heading.default\">\n\t\t\t\t\t<h2 class=\"elementor-heading-title elementor-size-default\">Logga in B2B \u00c5terf\u00f6rs\u00e4ljare<\/h2>\t\t\t\t<\/div>\n\t\t\t\t<div class=\"elementor-element elementor-element-720d900 elementor-button-align-stretch elementor-widget__width-inherit elementor-widget-tablet__width-inherit elementor-widget elementor-widget-login\" data-id=\"720d900\" data-element_type=\"widget\" data-e-type=\"widget\" data-widget_type=\"login.default\">\n\t\t\t\t\t\t\t<form class=\"elementor-login elementor-form\" method=\"post\" action=\"https:\/\/wemeid.com\/sv\/wp-login.php\" aria-label=\"Login form\">\n\t\t\t<input type=\"hidden\" name=\"redirect_to\" value=\"https:\/\/wemeid.com\/sv\/meid-b2b-orderformular\/\">\n\t\t\t<div class=\"elementor-form-fields-wrapper\">\n\t\t\t\t<div class=\"elementor-field-type-text elementor-field-group elementor-column elementor-col-100 elementor-field-required\">\n\t\t\t\t\t<label for=\"user-720d900\" class=\"elementor-field-label elementor-screen-only\">Anv\u00e4ndarnamn eller e-postadress<\/label>\n\t\t\t\t\t<input size=\"1\" type=\"text\" name=\"log\" id=\"user-720d900\" placeholder=\"Anv\u00e4ndarnamn eller e-mail\" class=\"elementor-field elementor-field-textual elementor-size-xl\">\n\t\t\t\t<\/div>\n\t\t\t\t<div class=\"elementor-field-type-text elementor-field-group elementor-column elementor-col-100 elementor-field-required\">\n\t\t\t\t\t<label for=\"password-720d900\" class=\"elementor-field-label elementor-screen-only\">L\u00f6senord<\/label>\n\t\t\t\t\t<input size=\"1\" type=\"password\" name=\"pwd\" id=\"password-720d900\" placeholder=\"L\u00f6senord\" class=\"elementor-field elementor-field-textual elementor-size-xl\">\n\t\t\t\t<\/div>\n\n\t\t\t\t\n\t\t\t\t<div class=\"elementor-field-group elementor-column elementor-field-type-submit elementor-col-100\">\n\t\t\t\t\t<button type=\"submit\" class=\"elementor-size-md elementor-button\" name=\"wp-submit\">\n\t\t\t\t\t\t\t\t\t\t\t\t\t\t\t<span class=\"elementor-button-text\">Logga in<\/span>\n\t\t\t\t\t\t\t\t\t\t\t\t<\/button>\n\t\t\t\t<\/div>\n\n\t\t\t\t\t\t\t\t\t<div class=\"elementor-field-group elementor-column elementor-col-100\">\n\t\t\t\t\t\t\t\t\t\t\t\t\t\t\t\t\t\t\t\t<a class=\"elementor-lost-password\" href=\"https:\/\/wemeid.com\/sv\/konto\/forlorat-losenord-meid\/\">\n\t\t\t\t\t\t\t\tLost your password?\t\t\t\t\t\t\t<\/a>\n\t\t\t\t\t\t\n\t\t\t\t\t\t\t\t\t\t\t<\/div>\n\t\t\t\t\t\t\t<\/div>\n\t\t<\/form>\n\t\t\t\t\t\t<\/div>\n\t\t\t\t<div class=\"elementor-element elementor-element-40d3b0a elementor-widget elementor-widget-text-editor\" data-id=\"40d3b0a\" data-element_type=\"widget\" data-e-type=\"widget\" data-widget_type=\"text-editor.default\">\n\t\t\t\t\t\t\t\t\t<p><a href=\"https:\/\/wemeid.com\/sv\/b2b\/\">Har du inget Meid \u00e5terf\u00f6rs\u00e4ljarkonto \u00e4nnu? Ans\u00f6k h\u00e4r. <\/a><\/p>\t\t\t\t\t\t\t\t<\/div>\n\t\t\t\t<div class=\"elementor-element elementor-element-1b143e6 elementor-widget__width-initial elementor-widget-widescreen__width-initial elementor-widget elementor-widget-text-editor\" data-id=\"1b143e6\" data-element_type=\"widget\" data-e-type=\"widget\" data-widget_type=\"text-editor.default\">\n\t\t\t\t\t\t\t\t\t<p>Alla konton revideras manuellt och kan inneb\u00e4ra en kreditkoll. Du kommer att f\u00e5 ett e-postmeddelande n\u00e4r ditt konto har granskats och godk\u00e4nts, eller om ytterligare information kr\u00e4vs f\u00f6r godk\u00e4nnande.<\/p>\t\t\t\t\t\t\t\t<\/div>\n\t\t\t\t<div class=\"elementor-element elementor-element-a354cdd elementor-widget elementor-widget-wpml-language-switcher\" data-id=\"a354cdd\" data-element_type=\"widget\" data-e-type=\"widget\" data-widget_type=\"wpml-language-switcher.default\">\n\t\t\t\t<div class=\"elementor-widget-container\">\n\t\t\t\t\t<div class=\"wpml-elementor-ls\">\n<div\n\t class=\"wpml-ls-statics-shortcode_actions wpml-ls wpml-ls-legacy-dropdown js-wpml-ls-legacy-dropdown\">\n\t<ul role=\"menu\">\n\n\t\t<li role=\"none\" tabindex=\"0\" class=\"wpml-ls-slot-shortcode_actions wpml-ls-item wpml-ls-item-sv wpml-ls-current-language wpml-ls-last-item wpml-ls-item-legacy-dropdown\">\n\t\t\t<a href=\"#\" class=\"js-wpml-ls-item-toggle wpml-ls-item-toggle\" role=\"menuitem\" title=\"Byt till Svenska\">\n                                                    <img decoding=\"async\"\n            class=\"wpml-ls-flag\"\n            src=\"https:\/\/wemeid.com\/wp-content\/plugins\/sitepress-multilingual-cms\/res\/flags\/sv.svg\"\n            alt=\"\"\n            width=11\n            height=11\n    \/><span class=\"wpml-ls-native\" role=\"menuitem\">Svenska<\/span><\/a>\n\n\t\t\t<ul class=\"wpml-ls-sub-menu\" role=\"menu\">\n\t\t\t\t\n\t\t\t\t\t<li class=\"wpml-ls-slot-shortcode_actions wpml-ls-item wpml-ls-item-en wpml-ls-first-item\" role=\"none\">\n\t\t\t\t\t\t<a href=\"https:\/\/wemeid.com\/\" class=\"wpml-ls-link\" role=\"menuitem\" aria-label=\"Byt till English\" title=\"Byt till English\">\n                                                                <img decoding=\"async\"\n            class=\"wpml-ls-flag\"\n            src=\"https:\/\/wemeid.com\/wp-content\/plugins\/sitepress-multilingual-cms\/res\/flags\/en.svg\"\n            alt=\"\"\n            width=11\n            height=11\n    \/><span class=\"wpml-ls-native\" lang=\"en\">English<\/span><\/a>\n\t\t\t\t\t<\/li>\n\n\t\t\t\t\t\t\t<\/ul>\n\n\t\t<\/li>\n\n\t<\/ul>\n<\/div>\n<\/div>\t\t\t\t<\/div>\n\t\t\t\t<\/div>\n\t\t\t\t<\/div>\n\t\t\t\t<\/div>\n\t\t\t\t<\/div>\n\t\t","protected":false},"excerpt":{"rendered":"<p>Logga in B2B \u00c5terf\u00f6rs\u00e4ljare Har du inget Meid \u00e5terf\u00f6rs\u00e4ljarkonto \u00e4nnu? Ans\u00f6k h\u00e4r. Alla konton revideras manuellt och kan inneb\u00e4ra en kreditkoll. Du kommer att f\u00e5 ett e-postmeddelande n\u00e4r ditt konto har granskats och godk\u00e4nts, eller om ytterligare information kr\u00e4vs f\u00f6r godk\u00e4nnande. Svenska English<\/p>\n","protected":false},"author":4,"featured_media":0,"parent":0,"menu_order":0,"comment_status":"closed","ping_status":"closed","template":"elementor_canvas","meta":{"footnotes":""},"class_list":["post-7867","page","type-page","status-publish","hentry"],"_links":{"self":[{"href":"https:\/\/wemeid.com\/sv\/wp-json\/wp\/v2\/pages\/7867","targetHints":{"allow":["GET"]}}],"collection":[{"href":"https:\/\/wemeid.com\/sv\/wp-json\/wp\/v2\/pages"}],"about":[{"href":"https:\/\/wemeid.com\/sv\/wp-json\/wp\/v2\/types\/page"}],"author":[{"embeddable":true,"href":"https:\/\/wemeid.com\/sv\/wp-json\/wp\/v2\/users\/4"}],"replies":[{"embeddable":true,"href":"https:\/\/wemeid.com\/sv\/wp-json\/wp\/v2\/comments?post=7867"}],"version-history":[{"count":0,"href":"https:\/\/wemeid.com\/sv\/wp-json\/wp\/v2\/pages\/7867\/revisions"}],"wp:attachment":[{"href":"https:\/\/wemeid.com\/sv\/wp-json\/wp\/v2\/media?parent=7867"}],"curies":[{"name":"wp","href":"https:\/\/api.w.org\/{rel}","templated":true}]}}