{"id":6075,"date":"2024-08-28T03:46:25","date_gmt":"2024-08-28T03:46:25","guid":{"rendered":"https:\/\/staging.wemeid.com\/policy-for-aterbetalning-och-returer\/"},"modified":"2025-10-13T18:30:37","modified_gmt":"2025-10-13T18:30:37","slug":"aterbetalning-och-returer","status":"publish","type":"page","link":"https:\/\/wemeid.com\/sv\/aterbetalning-och-returer\/","title":{"rendered":"Retur- och \u00e5terbetalningspolicy meid"},"content":{"rendered":"\t\t<div data-elementor-type=\"wp-page\" data-elementor-id=\"6075\" class=\"elementor elementor-6075 elementor-101\" data-elementor-post-type=\"page\">\n\t\t\t\t<div class=\"elementor-element elementor-element-fb14ca4 e-flex e-con-boxed e-con e-parent\" data-id=\"fb14ca4\" data-element_type=\"container\" data-e-type=\"container\">\n\t\t\t\t\t<div class=\"e-con-inner\">\n\t\t\t\t<div class=\"elementor-element elementor-element-225b3e8 elementor-widget elementor-widget-heading\" data-id=\"225b3e8\" data-element_type=\"widget\" data-e-type=\"widget\" data-widget_type=\"heading.default\">\n\t\t\t\t\t<h1 class=\"elementor-heading-title elementor-size-default\">\u00c5terbetalnings- och returpolicy f\u00f6r We Meid AB<\/h1>\t\t\t\t<\/div>\n\t\t\t\t<div class=\"elementor-element elementor-element-f1074ed elementor-toc--content-ellipsis elementor-widget__width-inherit elementor-widget elementor-widget-table-of-contents\" data-id=\"f1074ed\" data-element_type=\"widget\" data-e-type=\"widget\" data-settings=\"{&quot;exclude_headings_by_selector&quot;:[],&quot;collapse_subitems&quot;:&quot;yes&quot;,&quot;min_height&quot;:{&quot;unit&quot;:&quot;px&quot;,&quot;size&quot;:0,&quot;sizes&quot;:[]},&quot;no_headings_message&quot;:&quot;No headings were found on this page.&quot;,&quot;headings_by_tags&quot;:[&quot;h2&quot;,&quot;h3&quot;,&quot;h4&quot;,&quot;h5&quot;,&quot;h6&quot;],&quot;marker_view&quot;:&quot;numbers&quot;,&quot;hierarchical_view&quot;:&quot;yes&quot;,&quot;min_height_widescreen&quot;:{&quot;unit&quot;:&quot;px&quot;,&quot;size&quot;:&quot;&quot;,&quot;sizes&quot;:[]},&quot;min_height_laptop&quot;:{&quot;unit&quot;:&quot;px&quot;,&quot;size&quot;:&quot;&quot;,&quot;sizes&quot;:[]},&quot;min_height_tablet_extra&quot;:{&quot;unit&quot;:&quot;px&quot;,&quot;size&quot;:&quot;&quot;,&quot;sizes&quot;:[]},&quot;min_height_tablet&quot;:{&quot;unit&quot;:&quot;px&quot;,&quot;size&quot;:&quot;&quot;,&quot;sizes&quot;:[]},&quot;min_height_mobile&quot;:{&quot;unit&quot;:&quot;px&quot;,&quot;size&quot;:&quot;&quot;,&quot;sizes&quot;:[]}}\" data-widget_type=\"table-of-contents.default\">\n\t\t\t\t\t\t\t\t\t<div id=\"elementor-toc__f1074ed\" class=\"elementor-toc__body elementor-toc__list-items--collapsible\">\n\t\t\t<div class=\"elementor-toc__spinner-container\">\n\t\t\t\t<svg class=\"elementor-toc__spinner eicon-animation-spin e-font-icon-svg e-eicon-loading\" aria-hidden=\"true\" viewBox=\"0 0 1000 1000\" xmlns=\"http:\/\/www.w3.org\/2000\/svg\"><path d=\"M500 975V858C696 858 858 696 858 500S696 142 500 142 142 304 142 500H25C25 237 238 25 500 25S975 237 975 500 763 975 500 975Z\"><\/path><\/svg>\t\t\t<\/div>\n\t\t<\/div>\n\t\t\t\t\t\t<\/div>\n\t\t\t\t<div class=\"elementor-element elementor-element-bac8047 elementor-widget__width-inherit elementor-widget-widescreen__width-inherit elementor-widget elementor-widget-text-editor\" data-id=\"bac8047\" data-element_type=\"widget\" data-e-type=\"widget\" data-widget_type=\"text-editor.default\">\n\t\t\t\t\t\t\t\t\t<p><b>P\u00e5 We Meid AB \u00e4r kundn\u00f6jdhet v\u00e5r prioritet. Denna policy beskriver villkoren f\u00f6r returer, \u00e5terbetalningar och byten.  <\/b><\/p><p><span style=\"color: inherit; font-size: 18px; font-weight: bold;\">Ber\u00e4ttigande till \u00e5terbetalning<\/span><\/p><ul><li>Produkterna m\u00e5ste vara oanv\u00e4nda, i originalskick och returneras med allt emballage och material.<\/li><li>Returer m\u00e5ste initieras inom 14 dagar efter mottagandet.<\/li><\/ul><h2>Returprocess<\/h2><ol><li>P\u00e5b\u00f6rja en retur: Fyll i returformul\u00e4ret l\u00e4ngst ner p\u00e5 denna sida. Ange ditt ordernummer, namn, kontaktuppgifter och returanledning. Bifoga \u00e4ven en kopia av ditt k\u00f6pbevis (kvitto).   <\/li><li>F\u00f6rbered din retur: Packa produkten noggrant och s\u00e4kert, inklusive allt originalmaterial. <\/li><li><strong>Skicka din retur:<\/strong> Skicka till den adress som anges efter att formul\u00e4ret har skickats in. Kunderna st\u00e5r f\u00f6r returfrakten om inte varan \u00e4r defekt eller skadad. <\/li><\/ol><h2>Utbyten<\/h2><p>Vi ers\u00e4tter endast varor som \u00e4r defekta eller skadade. F\u00f6r byte av samma vara, mejla oss p\u00e5 <a href=\"mailto:info@wemeid.com\">info@wemeid.com<\/a> och skicka varan till den angivna returadressen. <\/p><h2>G\u00e5vor<\/h2><ul><li>Om produkten \u00e4r m\u00e4rkt som en g\u00e5va och skickas direkt till dig f\u00e5r du en g\u00e5vo\u00f6verf\u00f6ring n\u00e4r returen behandlas.<\/li><li>Om g\u00e5van inte var m\u00e4rkt vid k\u00f6pet kommer \u00e5terbetalningen att g\u00e5 till g\u00e5vogivaren med information om returen.<\/li><\/ul><h2>Ej \u00e5terl\u00e4mningsbara artiklar<\/h2><ul><li>Presentkort<\/li><\/ul><h2>Delvis \u00e5terbetalning<\/h2><p>Vissa villkor medger partiell \u00e5terbetalning:<\/p><ul><li>Varor som inte \u00e4r i originalskick eller saknar delar beror inte p\u00e5 v\u00e5rt fel<\/li><li>Returer p\u00e5b\u00f6rjas efter 30 dagar fr\u00e5n leverans<\/li><\/ul><h2>R\u00e4tt till \u00e5terkallande<\/h2><p>Kunden kan fr\u00e5ntr\u00e4da avtalet inom 14 dagar efter att ha mottagit varan, eller den sista varan vid delleveranser.<\/p><h2>Utbyte av produkter<\/h2><p>Vi erbjuder kostnadsfria reparationer eller utbyten f\u00f6r defekta artiklar. Kontakta oss f\u00f6r hj\u00e4lp. <\/p><h2>Brist p\u00e5 konformitet<\/h2><p>Produkter med tillverkningsfel eller bristande \u00f6verensst\u00e4mmelse kan repareras eller bytas ut utan kostnad. Kontakta oss snarast f\u00f6r att rapportera problem. Du kan v\u00e4lja reparation eller utbyte inom lagliga gr\u00e4nser. R\u00e4ttigheterna upph\u00f6r 36 m\u00e5nader efter leveransen om avvikelsen inte rapporteras.   <\/p><h2>Kontaktuppgifter<\/h2><p>F\u00f6r fr\u00e5gor eller support,<a href=\"https:\/\/wemeid.com\/sv\/kundservice\/\"> bes\u00f6k v\u00e5r kundtj\u00e4nst<\/a>.<\/p><p>Vi uppskattar ditt samarbete med v\u00e5r policy och tackar f\u00f6r att du handlar hos We Meid AB!<\/p>\t\t\t\t\t\t\t\t<\/div>\n\t\t\t\t<div class=\"elementor-element elementor-element-a2ed654 elementor-widget-widescreen__width-inherit elementor-widget__width-initial elementor-widget-laptop__width-inherit elementor-widget elementor-widget-n-accordion\" data-id=\"a2ed654\" data-element_type=\"widget\" data-e-type=\"widget\" data-settings=\"{&quot;default_state&quot;:&quot;expanded&quot;,&quot;max_items_expended&quot;:&quot;one&quot;,&quot;n_accordion_animation_duration&quot;:{&quot;unit&quot;:&quot;ms&quot;,&quot;size&quot;:400,&quot;sizes&quot;:[]}}\" data-widget_type=\"nested-accordion.default\">\n\t\t\t\t\t\t\t<div class=\"e-n-accordion\" aria-label=\"Accordion. Open links with Enter or Space, close with Escape, and navigate with Arrow Keys\">\n\t\t\t\t\t\t<details id=\"e-n-accordion-item-1700\" class=\"e-n-accordion-item\" open>\n\t\t\t\t<summary class=\"e-n-accordion-item-title\" data-accordion-index=\"1\" tabindex=\"0\" aria-expanded=\"true\" aria-controls=\"e-n-accordion-item-1700\" >\n\t\t\t\t\t<span class='e-n-accordion-item-title-header'><h3 class=\"e-n-accordion-item-title-text\"> Returformul\u00e4r <\/h3><\/span>\n\t\t\t\t\t\t\t<span class='e-n-accordion-item-title-icon'>\n\t\t\t<span class='e-opened' ><svg aria-hidden=\"true\" class=\"e-font-icon-svg e-fas-minus\" viewBox=\"0 0 448 512\" xmlns=\"http:\/\/www.w3.org\/2000\/svg\"><path d=\"M416 208H32c-17.67 0-32 14.33-32 32v32c0 17.67 14.33 32 32 32h384c17.67 0 32-14.33 32-32v-32c0-17.67-14.33-32-32-32z\"><\/path><\/svg><\/span>\n\t\t\t<span class='e-closed'><svg aria-hidden=\"true\" class=\"e-font-icon-svg e-fas-chevron-down\" viewBox=\"0 0 448 512\" xmlns=\"http:\/\/www.w3.org\/2000\/svg\"><path d=\"M207.029 381.476L12.686 187.132c-9.373-9.373-9.373-24.569 0-33.941l22.667-22.667c9.357-9.357 24.522-9.375 33.901-.04L224 284.505l154.745-154.021c9.379-9.335 24.544-9.317 33.901.04l22.667 22.667c9.373 9.373 9.373 24.569 0 33.941L240.971 381.476c-9.373 9.372-24.569 9.372-33.942 0z\"><\/path><\/svg><\/span>\n\t\t<\/span>\n\n\t\t\t\t\t\t<\/summary>\n\t\t\t\t<div role=\"region\" aria-labelledby=\"e-n-accordion-item-1700\" class=\"elementor-element elementor-element-897c2ba e-con-full e-flex e-con e-child\" data-id=\"897c2ba\" data-element_type=\"container\" data-e-type=\"container\" data-settings=\"{&quot;background_background&quot;:&quot;classic&quot;}\">\n\t\t\t\t<div class=\"elementor-element elementor-element-529bd0f elementor-widget elementor-widget-text-editor\" data-id=\"529bd0f\" data-element_type=\"widget\" data-e-type=\"widget\" data-widget_type=\"text-editor.default\">\n\t\t\t\t\t\t\t\t\t<p>V\u00e5r returblankett samlar viktig information f\u00f6r en snabb returprocess. Oavsett om du returnerar en oanv\u00e4nd vara eller byter ut en felaktig produkt, v\u00e4nligen fyll i den noggrant f\u00f6r att s\u00e4kerst\u00e4lla en smidig och problemfri upplevelse. <\/p>\t\t\t\t\t\t\t\t<\/div>\n\t\t\t\t<div class=\"elementor-element elementor-element-0f85c7a elementor-widget__width-inherit elementor-button-align-stretch elementor-widget elementor-widget-form\" data-id=\"0f85c7a\" data-element_type=\"widget\" data-e-type=\"widget\" data-settings=\"{&quot;step_next_label&quot;:&quot;N\\u00e4sta&quot;,&quot;step_previous_label&quot;:&quot;F\\u00f6reg\\u00e5ende&quot;,&quot;button_width&quot;:&quot;100&quot;,&quot;step_type&quot;:&quot;number_text&quot;,&quot;step_icon_shape&quot;:&quot;circle&quot;}\" data-widget_type=\"form.default\">\n\t\t\t\t\t\t\t<form class=\"elementor-form\" method=\"post\" id=\"general_questions\" name=\"Nytt formul\u00e4r\" aria-label=\"Nytt formul\u00e4r\">\n\t\t\t<input type=\"hidden\" name=\"post_id\" value=\"6075\"\/>\n\t\t\t<input type=\"hidden\" name=\"form_id\" value=\"0f85c7a\"\/>\n\t\t\t<input type=\"hidden\" name=\"referer_title\" value=\"\" \/>\n\n\t\t\t\n\t\t\t<div class=\"elementor-form-fields-wrapper elementor-labels-\">\n\t\t\t\t\t\t\t\t<div class=\"elementor-field-type-text elementor-field-group elementor-column elementor-field-group-name elementor-col-100 elementor-field-required\">\n\t\t\t\t\t\t\t\t\t\t\t\t<label for=\"form-field-name\" class=\"elementor-field-label elementor-screen-only\">\n\t\t\t\t\t\t\t\tNamn\t\t\t\t\t\t\t<\/label>\n\t\t\t\t\t\t\t\t\t\t\t\t\t\t<input size=\"1\" type=\"text\" name=\"form_fields[name]\" id=\"form-field-name\" class=\"elementor-field elementor-size-md  elementor-field-textual\" placeholder=\"Namn\" required=\"required\">\n\t\t\t\t\t\t\t\t\t\t\t<\/div>\n\t\t\t\t\t\t\t\t<div class=\"elementor-field-type-email elementor-field-group elementor-column elementor-field-group-email elementor-col-100 elementor-field-required\">\n\t\t\t\t\t\t\t\t\t\t\t\t<label for=\"form-field-email\" class=\"elementor-field-label elementor-screen-only\">\n\t\t\t\t\t\t\t\tE-post\t\t\t\t\t\t\t<\/label>\n\t\t\t\t\t\t\t\t\t\t\t\t\t\t<input size=\"1\" type=\"email\" name=\"form_fields[email]\" id=\"form-field-email\" class=\"elementor-field elementor-size-md  elementor-field-textual\" placeholder=\"E-post\" required=\"required\">\n\t\t\t\t\t\t\t\t\t\t\t<\/div>\n\t\t\t\t\t\t\t\t<div class=\"elementor-field-type-text elementor-field-group elementor-column elementor-field-group-field_40c0493 elementor-col-70 elementor-sm-60 elementor-field-required\">\n\t\t\t\t\t\t\t\t\t\t\t\t<label for=\"form-field-field_40c0493\" class=\"elementor-field-label elementor-screen-only\">\n\t\t\t\t\t\t\t\tBest\u00e4llningsnr\t\t\t\t\t\t\t<\/label>\n\t\t\t\t\t\t\t\t\t\t\t\t\t\t<input size=\"1\" type=\"text\" name=\"form_fields[field_40c0493]\" id=\"form-field-field_40c0493\" class=\"elementor-field elementor-size-md  elementor-field-textual\" placeholder=\"Best\u00e4llningsnr\" required=\"required\">\n\t\t\t\t\t\t\t\t\t\t\t<\/div>\n\t\t\t\t\t\t\t\t<div class=\"elementor-field-type-text elementor-field-group elementor-column elementor-field-group-field_4bb9876 elementor-col-30 elementor-sm-40 elementor-field-required\">\n\t\t\t\t\t\t\t\t\t\t\t\t<label for=\"form-field-field_4bb9876\" class=\"elementor-field-label elementor-screen-only\">\n\t\t\t\t\t\t\t\tSKU \/ Art. Nr \t\t\t\t\t\t\t<\/label>\n\t\t\t\t\t\t\t\t\t\t\t\t\t\t<input size=\"1\" type=\"text\" name=\"form_fields[field_4bb9876]\" id=\"form-field-field_4bb9876\" class=\"elementor-field elementor-size-md  elementor-field-textual\" placeholder=\"SKU \/ Art. Nr \" required=\"required\">\n\t\t\t\t\t\t\t\t\t\t\t<\/div>\n\t\t\t\t\t\t\t\t<div class=\"elementor-field-type-text elementor-field-group elementor-column elementor-field-group-field_2807330 elementor-col-70 elementor-sm-60 elementor-field-required\">\n\t\t\t\t\t\t\t\t\t\t\t\t<label for=\"form-field-field_2807330\" class=\"elementor-field-label elementor-screen-only\">\n\t\t\t\t\t\t\t\tProduktens namn\t\t\t\t\t\t\t<\/label>\n\t\t\t\t\t\t\t\t\t\t\t\t\t\t<input size=\"1\" type=\"text\" name=\"form_fields[field_2807330]\" id=\"form-field-field_2807330\" class=\"elementor-field elementor-size-md  elementor-field-textual\" placeholder=\"Produktens namn\" required=\"required\">\n\t\t\t\t\t\t\t\t\t\t\t<\/div>\n\t\t\t\t\t\t\t\t<div class=\"elementor-field-type-number elementor-field-group elementor-column elementor-field-group-field_a815c23 elementor-col-30 elementor-sm-40 elementor-field-required\">\n\t\t\t\t\t\t\t\t\t\t\t\t<label for=\"form-field-field_a815c23\" class=\"elementor-field-label elementor-screen-only\">\n\t\t\t\t\t\t\t\tAntal\t\t\t\t\t\t\t<\/label>\n\t\t\t\t\t\t\t\t\t<input type=\"number\" name=\"form_fields[field_a815c23]\" id=\"form-field-field_a815c23\" class=\"elementor-field elementor-size-md  elementor-field-textual\" placeholder=\"Antal\" required=\"required\" min=\"\" max=\"\" >\n\t\t\t\t\t\t<\/div>\n\t\t\t\t\t\t\t\t<div class=\"elementor-field-type-textarea elementor-field-group elementor-column elementor-field-group-field_f0eb0f5 elementor-col-100 elementor-field-required\">\n\t\t\t\t\t\t\t\t\t\t\t\t<label for=\"form-field-field_f0eb0f5\" class=\"elementor-field-label elementor-screen-only\">\n\t\t\t\t\t\t\t\tKlagom\u00e5l\t\t\t\t\t\t\t<\/label>\n\t\t\t\t\t\t<textarea class=\"elementor-field-textual elementor-field  elementor-size-md\" name=\"form_fields[field_f0eb0f5]\" id=\"form-field-field_f0eb0f5\" rows=\"8\" placeholder=\"V\u00e4nligen ge en detaljerad f\u00f6rklaring till returen, inklusive en beskrivning av felet eller problemet:\" required=\"required\"><\/textarea>\t\t\t\t<\/div>\n\t\t\t\t\t\t\t\t<div class=\"elementor-field-type-html elementor-field-group elementor-column elementor-field-group-field_6c9e5f4 elementor-col-100\">\n\t\t\t\t\tV\u00e4lj \u00f6nskad uppl\u00f6sning:\t\t\t\t<\/div>\n\t\t\t\t\t\t\t\t<div class=\"elementor-field-type-select elementor-field-group elementor-column elementor-field-group-field_c2968b8 elementor-col-100\">\n\t\t\t\t\t\t\t\t\t\t\t\t<label for=\"form-field-field_c2968b8\" class=\"elementor-field-label elementor-screen-only\">\n\t\t\t\t\t\t\t\tAnspr\u00e5k: Beg\u00e4rd \u00e5tg\u00e4rd\t\t\t\t\t\t\t<\/label>\n\t\t\t\t\t\t\t\t<div class=\"elementor-field elementor-select-wrapper remove-before \">\n\t\t\t<div class=\"select-caret-down-wrapper\">\n\t\t\t\t<svg aria-hidden=\"true\" class=\"e-font-icon-svg e-eicon-caret-down\" viewBox=\"0 0 571.4 571.4\" xmlns=\"http:\/\/www.w3.org\/2000\/svg\"><path d=\"M571 393Q571 407 561 418L311 668Q300 679 286 679T261 668L11 418Q0 407 0 393T11 368 36 357H536Q550 357 561 368T571 393Z\"><\/path><\/svg>\t\t\t<\/div>\n\t\t\t<select name=\"form_fields[field_c2968b8]\" id=\"form-field-field_c2968b8\" class=\"elementor-field-textual elementor-size-md\">\n\t\t\t\t\t\t\t\t\t<option value=\"Ers\u00e4ttning Presentkort\">Ers\u00e4ttning Presentkort<\/option>\n\t\t\t\t\t\t\t\t\t<option value=\"\u00c5terbetalning\">\u00c5terbetalning<\/option>\n\t\t\t\t\t\t\t\t\t<option value=\"Ny produkt\">Ny produkt<\/option>\n\t\t\t\t\t\t\t<\/select>\n\t\t<\/div>\n\t\t\t\t\t\t<\/div>\n\t\t\t\t\t\t\t\t<div class=\"elementor-field-type-html elementor-field-group elementor-column elementor-field-group-field_505d154 elementor-col-100\">\n\t\t\t\t\tF\u00f6r att uppfylla denna beg\u00e4ran, v\u00e4nligen bifoga bilder av ditt krav. Obs: Inkludera alla relevanta bilder av defekten f\u00f6r att st\u00f6dja ditt krav. Se till att bilderna tydligt visar problemet.(H\u00f6gst 5 filer. Maximal storlek p\u00e5 5 MB per fil. Till\u00e5tna filformat: png, heic, jpg, jpeg, webp och pdf)\t\t\t\t<\/div>\n\t\t\t\t\t\t\t\t<div class=\"elementor-field-type-upload elementor-field-group elementor-column elementor-field-group-field_6f47370 elementor-col-100\">\n\t\t\t\t\t\t\t\t\t\t\t\t<label for=\"form-field-field_6f47370\" class=\"elementor-field-label elementor-screen-only\">\n\t\t\t\t\t\t\t\tFiluppladdning\t\t\t\t\t\t\t<\/label>\n\t\t\t\t\t\t\t\t<input type=\"file\" name=\"form_fields[field_6f47370][]\" id=\"form-field-field_6f47370\" class=\"elementor-field elementor-size-md  elementor-upload-field\" multiple=\"multiple\" data-maxsize=\"7\" data-maxsize-message=\"This file exceeds the maximum allowed size.\">\n\n\t\t\t\t\t\t<\/div>\n\t\t\t\t\t\t\t\t<div class=\"elementor-field-group elementor-column elementor-field-type-submit elementor-col-100 e-form__buttons\">\n\t\t\t\t\t<button class=\"elementor-button elementor-size-lg\" type=\"submit\">\n\t\t\t\t\t\t<span class=\"elementor-button-content-wrapper\">\n\t\t\t\t\t\t\t\t\t\t\t\t\t\t\t\t\t\t\t\t\t\t<span class=\"elementor-button-text\">Skicka<\/span>\n\t\t\t\t\t\t\t\t\t\t\t\t\t<\/span>\n\t\t\t\t\t<\/button>\n\t\t\t\t<\/div>\n\t\t\t<\/div>\n\t\t<\/form>\n\t\t\t\t\t\t<\/div>\n\t\t\t\t<\/div>\n\t\t\t\t\t<\/details>\n\t\t\t\t\t<\/div>\n\t\t\t\t\t\t<\/div>\n\t\t\t\t\t<\/div>\n\t\t\t\t<\/div>\n\t\t\t\t<\/div>\n\t\t","protected":false},"excerpt":{"rendered":"<p>P\u00e5 We Meid AB \u00e4r kundn\u00f6jdhet v\u00e5r prioritet. Denna policy beskriver villkoren f\u00f6r retur, \u00e5terbetalning, byte och mer f\u00f6r v\u00e5ra GeoTag-, GeoKey-, GeoTravel- och GeoBell-sp\u00e5rningsprodukter och tillbeh\u00f6r. <\/p>\n","protected":false},"author":4,"featured_media":0,"parent":0,"menu_order":0,"comment_status":"closed","ping_status":"closed","template":"elementor_header_footer","meta":{"footnotes":""},"class_list":["post-6075","page","type-page","status-publish","hentry"],"_links":{"self":[{"href":"https:\/\/wemeid.com\/sv\/wp-json\/wp\/v2\/pages\/6075","targetHints":{"allow":["GET"]}}],"collection":[{"href":"https:\/\/wemeid.com\/sv\/wp-json\/wp\/v2\/pages"}],"about":[{"href":"https:\/\/wemeid.com\/sv\/wp-json\/wp\/v2\/types\/page"}],"author":[{"embeddable":true,"href":"https:\/\/wemeid.com\/sv\/wp-json\/wp\/v2\/users\/4"}],"replies":[{"embeddable":true,"href":"https:\/\/wemeid.com\/sv\/wp-json\/wp\/v2\/comments?post=6075"}],"version-history":[{"count":0,"href":"https:\/\/wemeid.com\/sv\/wp-json\/wp\/v2\/pages\/6075\/revisions"}],"wp:attachment":[{"href":"https:\/\/wemeid.com\/sv\/wp-json\/wp\/v2\/media?parent=6075"}],"curies":[{"name":"wp","href":"https:\/\/api.w.org\/{rel}","templated":true}]}}