{"id":6069,"date":"2024-09-06T09:01:56","date_gmt":"2024-09-06T09:01:56","guid":{"rendered":"https:\/\/staging.wemeid.com\/om-wemeid-ab-geotag\/"},"modified":"2025-10-13T18:31:22","modified_gmt":"2025-10-13T18:31:22","slug":"om-oss","status":"publish","type":"page","link":"https:\/\/wemeid.com\/sv\/om-oss\/","title":{"rendered":"Om oss meid"},"content":{"rendered":"\t\t<div data-elementor-type=\"wp-page\" data-elementor-id=\"6069\" class=\"elementor elementor-6069 elementor-3302\" data-elementor-post-type=\"page\">\n\t\t\t\t<div class=\"elementor-element elementor-element-7760607 e-flex e-con-boxed e-con e-parent\" data-id=\"7760607\" data-element_type=\"container\" data-e-type=\"container\">\n\t\t\t\t\t<div class=\"e-con-inner\">\n\t\t\t\t<div class=\"elementor-element elementor-element-b4b0897 animated-slow elementor-widget__width-inherit elementor-widget-widescreen__width-inherit elementor-invisible elementor-widget elementor-widget-heading\" data-id=\"b4b0897\" data-element_type=\"widget\" data-e-type=\"widget\" data-settings=\"{&quot;_animation&quot;:&quot;fadeInUp&quot;}\" data-widget_type=\"heading.default\">\n\t\t\t\t\t<h1 class=\"elementor-heading-title elementor-size-default\">Meid f\u00f6r den moderna konsumenten.  \n<\/h1>\t\t\t\t<\/div>\n\t\t\t\t\t<\/div>\n\t\t\t\t<\/div>\n\t\t<div class=\"elementor-element elementor-element-8945eee e-flex e-con-boxed e-con e-parent\" data-id=\"8945eee\" data-element_type=\"container\" data-e-type=\"container\">\n\t\t\t\t\t<div class=\"e-con-inner\">\n\t\t\t\t<div class=\"elementor-element elementor-element-e3ebf1f elementor-widget__width-inherit elementor-widget elementor-widget-text-editor\" data-id=\"e3ebf1f\" data-element_type=\"widget\" data-e-type=\"widget\" data-widget_type=\"text-editor.default\">\n\t\t\t\t\t\t\t\t\t<p>MEID (uttalas &#8221;Made&#8221;) grundades i hj\u00e4rtat av Stockholm \u00e5r 2024. Vi drivs av en gemensam vision om att kombinera exklusiv design, smart funktionalitet och h\u00f6g kvalitet. <\/p><p>Vi vill skapa produkter som vi sj\u00e4lva skulle vilja ha och anv\u00e4nda. Med \u00f6ver 15 \u00e5rs erfarenhet av branschen visste vi att vi kunde skapa n\u00e5got unikt. <\/p><p>Intresset f\u00f6r Airtag och andra sp\u00e5rningsprodukter v\u00e4xte, och det var d\u00e4r id\u00e9n till v\u00e5r egen Meid GeoTag\u2122 f\u00f6ddes. Meid GeoTag\u2122 integreras s\u00f6ml\u00f6st med Apple Find My och erbjuder en s\u00e4ker och effektiv l\u00f6sning f\u00f6r att h\u00e5lla reda p\u00e5 dina tillh\u00f6righeter. <\/p><p>Som komplement till GeoTag och Apple Airtag har vi utvecklat en serie tillbeh\u00f6r som vi \u00e4r mycket stolta \u00f6ver. Tack vare v\u00e5r expertis inom design och teknik kan vi redan under v\u00e5rt f\u00f6rsta \u00e5r presentera fyra unika produkter: <a href=\"https:\/\/wemeid.com\/sv\/shop\/geotag-accessoarer\/geotag-sparare-find-my-apple\/meid-geotag-for-apple-find-my\/\">GeoTag<\/a>, <a href=\"https:\/\/wemeid.com\/sv\/pk\/geotag-accessoarer\/geokey-keyring-nyckelring-apple-find-my\/\">GeoKey<\/a>, <a href=\"https:\/\/wemeid.com\/sv\/shop\/geotag-accessoarer\/geobell-cykelklocka-find-my\/meid-geobell-cykelklocka\/\">GeoBell<\/a> och <a href=\"https:\/\/wemeid.com\/sv\/pk\/geotag-accessoarer\/geotravel-bagage-tagg-find-my-airtag\/\">GeoTravel<\/a>. <\/p><p>Vi \u00e4r glada \u00f6ver att kunna erbjuda n\u00e5got som verkligen sticker ut p\u00e5 den h\u00e4r marknaden. Vi \u00e4r fast beslutna att forts\u00e4tta att ut\u00f6ka v\u00e5rt sortiment samt att f\u00f6rfina och optimera v\u00e5ra produkter. V\u00e5r resa har bara b\u00f6rjat och vi \u00e4r glada \u00f6ver att du vill vara med oss.  <\/p>\t\t\t\t\t\t\t\t<\/div>\n\t\t\t\t\t<\/div>\n\t\t\t\t<\/div>\n\t\t\t\t<\/div>\n\t\t","protected":false},"excerpt":{"rendered":"<p>Meid f\u00f6r den moderna konsumenten. MEID (uttalas &#8221;Made&#8221;) grundades i hj\u00e4rtat av Stockholm \u00e5r 2024. Vi drivs av en gemensam vision om att kombinera exklusiv design, smart funktionalitet och h\u00f6g kvalitet. Vi vill skapa produkter som vi sj\u00e4lva skulle vilja ha och anv\u00e4nda. Med \u00f6ver 15 \u00e5rs erfarenhet av branschen visste vi att vi kunde [&hellip;]<\/p>\n","protected":false},"author":4,"featured_media":4788,"parent":0,"menu_order":0,"comment_status":"closed","ping_status":"closed","template":"","meta":{"footnotes":""},"class_list":["post-6069","page","type-page","status-publish","has-post-thumbnail","hentry"],"_links":{"self":[{"href":"https:\/\/wemeid.com\/sv\/wp-json\/wp\/v2\/pages\/6069","targetHints":{"allow":["GET"]}}],"collection":[{"href":"https:\/\/wemeid.com\/sv\/wp-json\/wp\/v2\/pages"}],"about":[{"href":"https:\/\/wemeid.com\/sv\/wp-json\/wp\/v2\/types\/page"}],"author":[{"embeddable":true,"href":"https:\/\/wemeid.com\/sv\/wp-json\/wp\/v2\/users\/4"}],"replies":[{"embeddable":true,"href":"https:\/\/wemeid.com\/sv\/wp-json\/wp\/v2\/comments?post=6069"}],"version-history":[{"count":0,"href":"https:\/\/wemeid.com\/sv\/wp-json\/wp\/v2\/pages\/6069\/revisions"}],"wp:featuredmedia":[{"embeddable":true,"href":"https:\/\/wemeid.com\/sv\/wp-json\/wp\/v2\/media\/4788"}],"wp:attachment":[{"href":"https:\/\/wemeid.com\/sv\/wp-json\/wp\/v2\/media?parent=6069"}],"curies":[{"name":"wp","href":"https:\/\/api.w.org\/{rel}","templated":true}]}}