{"id":6055,"date":"2024-08-01T02:54:53","date_gmt":"2024-08-01T02:54:53","guid":{"rendered":"https:\/\/staging.wemeid.com\/meid-b2b-logga-in-registrera\/"},"modified":"2025-11-19T23:33:41","modified_gmt":"2025-11-19T23:33:41","slug":"b2b","status":"publish","type":"page","link":"https:\/\/wemeid.com\/sv\/b2b\/","title":{"rendered":"B2B-registrering Meid"},"content":{"rendered":"\t\t<div data-elementor-type=\"wp-page\" data-elementor-id=\"6055\" class=\"elementor elementor-6055 elementor-1318\" data-elementor-post-type=\"page\">\n\t\t\t\t<div class=\"elementor-element elementor-element-a694ca4 e-con-full e-flex e-con e-parent\" data-id=\"a694ca4\" data-element_type=\"container\" data-e-type=\"container\" data-settings=\"{&quot;background_background&quot;:&quot;classic&quot;}\">\n\t\t<div class=\"elementor-element elementor-element-b414dd2 e-con-full e-flex e-con e-child\" data-id=\"b414dd2\" data-element_type=\"container\" data-e-type=\"container\">\n\t\t\t\t<div class=\"elementor-element elementor-element-7b53e7f elementor-view-default elementor-widget elementor-widget-icon\" data-id=\"7b53e7f\" data-element_type=\"widget\" data-e-type=\"widget\" data-widget_type=\"icon.default\">\n\t\t\t\t\t\t\t<div class=\"elementor-icon-wrapper\">\n\t\t\t<a class=\"elementor-icon\" href=\"https:\/\/wemeid.com\/sv\/\">\n\t\t\t<svg xmlns=\"http:\/\/www.w3.org\/2000\/svg\" id=\"Layer_2\" viewBox=\"0 0 61.89 22.16\"><g id=\"Layer_1-2\" data-name=\"Layer_1\"><g><path d=\"M0,21.41L2.36,0l8.97,19.15L20.3,0l2.36,21.41h-1.37l-1.83-16.63s-8.1,17.38-8.13,17.38L3.2,4.78l-1.83,16.63H0Z\"><\/path><path d=\"M37.18,1.96h-8.57v8.49h8.38v1.24h-8.38v8.49h8.57v1.24h-9.93V.71h9.93v1.24Z\"><\/path><path d=\"M42.09.71v20.7h-1.37V.71h1.37Z\"><\/path><path d=\"M47.18,21.41V.71h4.1c1.83,0,5.03.28,7.63,2.89,2.2,2.2,2.98,5.21,2.98,7.48s-.78,5.24-2.98,7.45c-2.61,2.61-5.8,2.89-7.63,2.89h-4.1ZM48.55,20.17h2.7c5.46,0,9.22-3.72,9.22-9.09s-3.79-9.12-9.22-9.12h-2.7v18.22Z\"><\/path><\/g><\/g><\/svg>\t\t\t<\/a>\n\t\t<\/div>\n\t\t\t\t\t\t<\/div>\n\t\t\t\t<\/div>\n\t\t<div class=\"elementor-element elementor-element-9109650 e-con-full e-flex e-con e-child\" data-id=\"9109650\" data-element_type=\"container\" data-e-type=\"container\">\n\t\t\t\t<div class=\"elementor-element elementor-element-03615b4 elementor-widget elementor-widget-heading\" data-id=\"03615b4\" data-element_type=\"widget\" data-e-type=\"widget\" data-widget_type=\"heading.default\">\n\t\t\t\t\t<h2 class=\"elementor-heading-title elementor-size-default\">Bli Meid \u00c5terf\u00f6rs\u00e4ljare<\/h2>\t\t\t\t<\/div>\n\t\t\t\t<div class=\"elementor-element elementor-element-cf39742 elementor-widget__width-inherit elementor-widget elementor-widget-shortcode\" data-id=\"cf39742\" data-element_type=\"widget\" data-e-type=\"widget\" data-widget_type=\"shortcode.default\">\n\t\t\t\t\t\t\t<div class=\"elementor-shortcode\">\t\t\t<h2 class=\"b2bking_b2bregistration_only_register_header\">\r\n\t\t\tRegistrera<\/h2>\r\n\t\t\t<div class=\"woocommerce\">\r\n\t\t\t\t<form method=\"post\" class=\"woocommerce-form woocommerce-form-register register\" enctype=\"multipart\/form-data\" >\r\n\r\n\t\t\t\t\t\r\n\t\t\t\t\t\r\n\t\t\t\t\t<p class=\"woocommerce-form-row woocommerce-form-row--wide form-row form-row-wide\">\r\n\t\t\t\t\t\t<label for=\"reg_email\">Email address&nbsp;<span class=\"required\">*<\/span><\/label>\r\n\t\t\t\t\t\t<input type=\"email\" class=\"woocommerce-Input woocommerce-Input--text input-text\" name=\"email\" id=\"reg_email\" autocomplete=\"email\" value=\"\" \/>\r\n\t\t\t\t\t<\/p>\r\n\r\n\t\t\t\t\t\r\n\t\t\t\t\t\t<p class=\"woocommerce-form-row woocommerce-form-row--wide form-row form-row-wide\">\r\n\t\t\t\t\t\t\t<label for=\"reg_password\">Password&nbsp;<span class=\"required\">*<\/span><\/label>\r\n\t\t\t\t\t\t\t<input type=\"password\" class=\"woocommerce-Input woocommerce-Input--text input-text\" name=\"password\" id=\"reg_password\" autocomplete=\"new-password\" \/>\r\n\t\t\t\t\t\t<\/p>\r\n\r\n\t\t\t\t\t\r\n\t\t\t\t\t<style>.woocommerce-FormRow--password { display: block !important; }<\/style>\t\t\t\t\t\t<p class=\"woocommerce-form-row woocommerce-form-row--wide form-row form-row-wide b2bking_registration_roles_dropdown_section b2bking_registration_roles_dropdown_section_hidden\">\r\n\t\t\t\t\t\t\t\t\t\t\t\t\t\t<label for=\"b2bking_registration_roles_dropdown\">\r\n\t\t\t\t\t\t\t\tAnv\u00e4ndartyp&nbsp;<span class=\"required\">*<\/span>\r\n\t\t\t\t\t\t\t<\/label>\r\n\t\t\t\t\t\t\t<select id=\"b2bking_registration_roles_dropdown\" name=\"b2bking_registration_roles_dropdown\" required>\r\n\t\t\t\t\t\t\t\t<option value=\"role_1303\"  selected='selected'>Meid \u00c5terf\u00f6rs\u00e4ljare<\/option>\t\t\t\t\t\t\t<\/select>\r\n\t\t\t\t\t\t<\/p>\r\n\t\t\t\t\t\t<div class=\" b2bking_custom_registration_container b2bking_custom_registration_container_field_1306 b2bking_custom_registration_role_1303\"><p class=\"woocommerce-form-row woocommerce-form-row--wide form-row form-row-wide \"><label for=\"b2bking_field_1306\">F\u00f6retagsnamn&nbsp;<span class=\"required\">*<\/span><\/label><input type=\"text\" id=\"b2bking_field_1306\" class=\"b2bking_custom_registration_field b2bking_custom_field_req_required\" name=\"b2bking_custom_field_1306\" value=\"\" placeholder=\"F\u00f6retagsnamn\" required><\/p><\/div><div class=\" b2bking_custom_registration_container b2bking_custom_registration_container_field_3004 b2bking_custom_registration_role_1303\"><p class=\"woocommerce-form-row woocommerce-form-row--wide form-row form-row-wide \"><label for=\"b2bking_field_3004\">Organisationsnummer (Endast siffror inget \"-\" bindestreck)&nbsp;<span class=\"required\">*<\/span><\/label><input id=\"b2bking_field_3004\" type=\"number\" step=\"0.00001\" class=\"b2bking_custom_registration_field b2bking_custom_field_req_required\" name=\"b2bking_custom_field_3004\" value=\"\" placeholder=\"Organisationsnummer (Endast siffror inget &quot;-&quot; bindestreck)\" required><\/p><\/div><div class=\" b2bking_custom_registration_container b2bking_custom_registration_container_field_1304 b2bking_custom_registration_role_1303\"><p class=\"woocommerce-form-row woocommerce-form-row--wide form-row form-row-wide \"><label for=\"b2bking_field_1304\">F\u00f6rnamn&nbsp;<span class=\"required\">*<\/span><\/label><input type=\"text\" id=\"b2bking_field_1304\" class=\"b2bking_custom_registration_field b2bking_custom_field_req_required\" name=\"b2bking_custom_field_1304\" value=\"\" placeholder=\"F\u00f6rnamn\" required><\/p><\/div><div class=\" b2bking_custom_registration_container b2bking_custom_registration_container_field_1305 b2bking_custom_registration_role_1303\"><p class=\"woocommerce-form-row woocommerce-form-row--wide form-row form-row-wide \"><label for=\"b2bking_field_1305\">Efternamn&nbsp;<span class=\"required\">*<\/span><\/label><input type=\"text\" id=\"b2bking_field_1305\" class=\"b2bking_custom_registration_field b2bking_custom_field_req_required\" name=\"b2bking_custom_field_1305\" value=\"\" placeholder=\"Efternamn\" required><\/p><\/div><div class=\" b2bking_custom_registration_container b2bking_custom_registration_container_field_1311 b2bking_custom_registration_role_1303\"><p class=\"woocommerce-form-row woocommerce-form-row--wide form-row form-row-wide \"><label for=\"b2bking_field_1311\">Telefonnummer&nbsp;<span class=\"required\">*<\/span><\/label><input id=\"b2bking_field_1311\" type=\"tel\" class=\"b2bking_custom_registration_field b2bking_custom_field_req_required\" name=\"b2bking_custom_field_1311\" value=\"\" placeholder=\"Telefonnummer\" required><\/p><\/div><wc-order-attribution-inputs><\/wc-order-attribution-inputs><div class=\"woocommerce-privacy-policy-text\"><p>Dina personuppgifter kommer att anv\u00e4ndas f\u00f6r att f\u00f6rb\u00e4ttra din upplevelse p\u00e5 denna webbplats, f\u00f6r att \u00f6vervaka \u00e5tkomst till ditt konto och av andra sk\u00e4l som anges i v\u00e5r <a href=\"https:\/\/wemeid.com\/meid-privacy-policy\/\" class=\"woocommerce-privacy-policy-link\" target=\"_blank\">integritetspolicy<\/a>.<\/p>\n<\/div>\t\t<div class=\"g-recaptcha\" data-sitekey=\"6Le42vkrAAAAABIsnRC4P4c0ehAcEbhGFvFZ3M0d\"><\/div>\r\n\t\t<br\/>\r\n\t\t\r\n\t\t\t\t\t<p class=\"woocommerce-form-row form-row\">\r\n\t\t\t\t\t\t<input type=\"hidden\" id=\"woocommerce-register-nonce\" name=\"woocommerce-register-nonce\" value=\"8394262fc9\" \/><input type=\"hidden\" name=\"_wp_http_referer\" value=\"\/sv\/wp-json\/wp\/v2\/pages\/6055\" \/>\t\t\t\t\t\t<button type=\"submit\" class=\"woocommerce-Button woocommerce-button button woocommerce-form-register__submit\" name=\"register\" value=\"Registrera\">Registrera<\/button>\r\n\t\t\t\t\t<\/p>\r\n\r\n\t\t\t\t\t\r\n\t\t\t\t<\/form>\r\n\t\t\t<\/div>\r\n\t\t\t<\/div>\n\t\t\t\t\t\t<\/div>\n\t\t\t\t<div class=\"elementor-element elementor-element-d66ac57 elementor-widget elementor-widget-html\" data-id=\"d66ac57\" data-element_type=\"widget\" data-e-type=\"widget\" data-widget_type=\"html.default\">\n\t\t\t\t\t<script>\/\/ Wait for the page and reCAPTCHA script to load\nwindow.addEventListener('load', function() {\n  \/\/ Check if reCAPTCHA script is loaded\n  if (typeof grecaptcha !== 'undefined') {\n    \/\/ Find the reCAPTCHA container\n    const recaptchaContainer = document.querySelector('.g-recaptcha');\n    if (recaptchaContainer) {\n      \/\/ Get the site key from the container's data attribute\n      const siteKey = recaptchaContainer.getAttribute('data-sitekey');\n      \/\/ Render the reCAPTCHA manually\n      grecaptcha.render(recaptchaContainer, {\n        'sitekey': siteKey\n      });\n    }\n  } else {\n    \/\/ If reCAPTCHA script isn't loaded yet, wait and try again\n    setTimeout(arguments.callee, 100);\n  }\n});\n<\/script>\t\t\t\t<\/div>\n\t\t\t\t<div class=\"elementor-element elementor-element-6e7fd82 elementor-widget elementor-widget-text-editor\" data-id=\"6e7fd82\" data-element_type=\"widget\" data-e-type=\"widget\" data-widget_type=\"text-editor.default\">\n\t\t\t\t\t\t\t\t\t<p><a href=\"https:\/\/wemeid.com\/sv\/b2b-login\/\">Har du redan ett b2b konto? Logga in h\u00e4r. <\/a><\/p>\t\t\t\t\t\t\t\t<\/div>\n\t\t\t\t<div class=\"elementor-element elementor-element-522a4ee elementor-widget__width-initial elementor-widget-widescreen__width-initial elementor-widget elementor-widget-text-editor\" data-id=\"522a4ee\" data-element_type=\"widget\" data-e-type=\"widget\" data-widget_type=\"text-editor.default\">\n\t\t\t\t\t\t\t\t\t<p>Alla konton genomg\u00e5r en manuell granskning. Du kommer att f\u00e5 ett e-postmeddelande n\u00e4r ditt konto har granskats och godk\u00e4nts, eller om ytterligare information kr\u00e4vs f\u00f6r godk\u00e4nnande. <\/p>\t\t\t\t\t\t\t\t<\/div>\n\t\t<div class=\"elementor-element elementor-element-c42684f e-con-full e-flex e-con e-child\" data-id=\"c42684f\" data-element_type=\"container\" data-e-type=\"container\">\n\t\t\t\t<div class=\"elementor-element elementor-element-30aedd5 elementor-widget-mobile__width-inherit elementor-widget elementor-widget-wpml-language-switcher\" data-id=\"30aedd5\" data-element_type=\"widget\" data-e-type=\"widget\" data-widget_type=\"wpml-language-switcher.default\">\n\t\t\t\t<div class=\"elementor-widget-container\">\n\t\t\t\t\t<div class=\"wpml-elementor-ls\">\n<div\n\t class=\"wpml-ls-statics-shortcode_actions wpml-ls wpml-ls-legacy-dropdown js-wpml-ls-legacy-dropdown\">\n\t<ul role=\"menu\">\n\n\t\t<li role=\"none\" tabindex=\"0\" class=\"wpml-ls-slot-shortcode_actions wpml-ls-item wpml-ls-item-sv wpml-ls-current-language wpml-ls-last-item wpml-ls-item-legacy-dropdown\">\n\t\t\t<a href=\"#\" class=\"js-wpml-ls-item-toggle wpml-ls-item-toggle\" role=\"menuitem\" title=\"Byt till Svenska\">\n                                                    <img decoding=\"async\"\n            class=\"wpml-ls-flag\"\n            src=\"https:\/\/wemeid.com\/wp-content\/plugins\/sitepress-multilingual-cms\/res\/flags\/sv.svg\"\n            alt=\"\"\n            width=11\n            height=11\n    \/><span class=\"wpml-ls-native\" role=\"menuitem\">Svenska<\/span><\/a>\n\n\t\t\t<ul class=\"wpml-ls-sub-menu\" role=\"menu\">\n\t\t\t\t\n\t\t\t\t\t<li class=\"wpml-ls-slot-shortcode_actions wpml-ls-item wpml-ls-item-en wpml-ls-first-item\" role=\"none\">\n\t\t\t\t\t\t<a href=\"https:\/\/wemeid.com\/\" class=\"wpml-ls-link\" role=\"menuitem\" aria-label=\"Byt till English\" title=\"Byt till English\">\n                                                                <img decoding=\"async\"\n            class=\"wpml-ls-flag\"\n            src=\"https:\/\/wemeid.com\/wp-content\/plugins\/sitepress-multilingual-cms\/res\/flags\/en.svg\"\n            alt=\"\"\n            width=11\n            height=11\n    \/><span class=\"wpml-ls-native\" lang=\"en\">English<\/span><\/a>\n\t\t\t\t\t<\/li>\n\n\t\t\t\t\t\t\t<\/ul>\n\n\t\t<\/li>\n\n\t<\/ul>\n<\/div>\n<\/div>\t\t\t\t<\/div>\n\t\t\t\t<\/div>\n\t\t\t\t<\/div>\n\t\t\t\t<\/div>\n\t\t\t\t<\/div>\n\t\t\t\t<\/div>\n\t\t","protected":false},"excerpt":{"rendered":"<p>Tack f\u00f6r att du vill \u00f6ppna ett \u00e5terf\u00f6rs\u00e4ljarkonto hos oss. F\u00f6r att komma ig\u00e5ng, v\u00e4nligen fyll i formul\u00e4ret nedan med dina uppgifter och tryck p\u00e5 &#8221;registrera&#8221; &#8230; <\/p>\n","protected":false},"author":4,"featured_media":0,"parent":0,"menu_order":0,"comment_status":"closed","ping_status":"closed","template":"elementor_canvas","meta":{"footnotes":""},"class_list":["post-6055","page","type-page","status-publish","hentry"],"_links":{"self":[{"href":"https:\/\/wemeid.com\/sv\/wp-json\/wp\/v2\/pages\/6055","targetHints":{"allow":["GET"]}}],"collection":[{"href":"https:\/\/wemeid.com\/sv\/wp-json\/wp\/v2\/pages"}],"about":[{"href":"https:\/\/wemeid.com\/sv\/wp-json\/wp\/v2\/types\/page"}],"author":[{"embeddable":true,"href":"https:\/\/wemeid.com\/sv\/wp-json\/wp\/v2\/users\/4"}],"replies":[{"embeddable":true,"href":"https:\/\/wemeid.com\/sv\/wp-json\/wp\/v2\/comments?post=6055"}],"version-history":[{"count":2,"href":"https:\/\/wemeid.com\/sv\/wp-json\/wp\/v2\/pages\/6055\/revisions"}],"predecessor-version":[{"id":9247,"href":"https:\/\/wemeid.com\/sv\/wp-json\/wp\/v2\/pages\/6055\/revisions\/9247"}],"wp:attachment":[{"href":"https:\/\/wemeid.com\/sv\/wp-json\/wp\/v2\/media?parent=6055"}],"curies":[{"name":"wp","href":"https:\/\/api.w.org\/{rel}","templated":true}]}}